{"id":13029,"date":"2018-06-21T09:17:58","date_gmt":"2018-06-21T09:17:58","guid":{"rendered":"https:\/\/www.demo.askahotels.com\/kurumsal\/"},"modified":"2023-03-28T08:59:05","modified_gmt":"2023-03-28T08:59:05","slug":"institutionell","status":"publish","type":"page","link":"https:\/\/www.askahotels.com\/de\/institutionell\/","title":{"rendered":"Institutionell"},"content":{"rendered":"<style>.elementor-13029 .elementor-element.elementor-element-4b0947d > .elementor-container{min-height:400px;}.elementor-13029 .elementor-element.elementor-element-4b0947d:not(.elementor-motion-effects-element-type-background), .elementor-13029 .elementor-element.elementor-element-4b0947d > .elementor-motion-effects-container > .elementor-motion-effects-layer{background-image:url(\"https:\/\/www.askahotels.com\/wp-content\/uploads\/2022\/12\/35c12740.webp\");background-position:center left;background-repeat:no-repeat;background-size:cover;}.elementor-13029 .elementor-element.elementor-element-4b0947d > .elementor-background-overlay{background-color:#000000;opacity:0.5;transition:background 0.3s, border-radius 0.3s, opacity 0.3s;}.elementor-13029 .elementor-element.elementor-element-4b0947d{transition:background 0.3s, border 0.3s, border-radius 0.3s, box-shadow 0.3s;padding:0px 0px 0px 0px;}.elementor-13029 .elementor-element.elementor-element-ed30586 > .elementor-widget-wrap > .elementor-widget:not(.elementor-widget__width-auto):not(.elementor-widget__width-initial):not(:last-child):not(.elementor-absolute){margin-bottom:40px;}.elementor-13029 .elementor-element.elementor-element-ed30586 > .elementor-element-populated{padding:15px 15px 15px 15px;}.elementor-13029 .elementor-element.elementor-element-76e5b3a .elementskit-section-title-wraper .elementskit-section-title{color:#ffffff;margin:0px 0px -14px 0px;font-family:\"Marcellus\", Sans-serif;font-size:46px;font-weight:400;}.elementor-13029 .elementor-element.elementor-element-76e5b3a .elementskit-section-title-wraper .elementskit-section-title > span{color:#000000;}.elementor-13029 .elementor-element.elementor-element-76e5b3a .elementskit-section-title-wraper .elementskit-section-title:hover > span{color:#000000;}.elementor-13029 .elementor-element.elementor-element-76e5b3a .elementskit-section-title-wraper p{color:#ffffff;font-family:\"Jost\", Sans-serif;font-size:19px;font-weight:400;line-height:28px;}.elementor-13029 .elementor-element.elementor-element-76e5b3a > .elementor-widget-container{margin:0px 0px 0px 18px;}.elementor-13029 .elementor-element.elementor-element-8c459f2{margin-top:100px;margin-bottom:100px;}.elementor-13029 .elementor-element.elementor-element-c44c386 > .elementor-element-populated{border-style:solid;transition:background 0.3s, border 0.3s, border-radius 0.3s, box-shadow 0.3s;padding:0px 0px 0px 0px;}.elementor-13029 .elementor-element.elementor-element-c44c386 > .elementor-element-populated > .elementor-background-overlay{transition:background 0.3s, border-radius 0.3s, opacity 0.3s;}.elementor-13029 .elementor-element.elementor-element-0ba4e7f .jeg-elementor-kit.jkit-nav-menu .jkit-menu > ul, .elementor-13029 .elementor-element.elementor-element-0ba4e7f .jeg-elementor-kit.jkit-nav-menu .jkit-menu-wrapper:not(.active) .jkit-menu, .elementor-13029 .elementor-element.elementor-element-0ba4e7f .jeg-elementor-kit.jkit-nav-menu .jkit-menu-wrapper:not(.active) .jkit-menu > li > a{display:block;}.elementor-13029 .elementor-element.elementor-element-0ba4e7f .jeg-elementor-kit.jkit-nav-menu .jkit-menu-wrapper .jkit-menu{text-align:left;}.elementor-13029 .elementor-element.elementor-element-0ba4e7f .jeg-elementor-kit.jkit-nav-menu .jkit-menu-wrapper .jkit-menu .menu-item .sub-menu{left:unset;top:100%;right:unset;bottom:unset;}.elementor-13029 .elementor-element.elementor-element-0ba4e7f .jeg-elementor-kit.jkit-nav-menu .jkit-menu-wrapper .jkit-menu .menu-item .sub-menu .menu-item .sub-menu{left:100%;top:unset;right:unset;bottom:unset;}.elementor-13029 .elementor-element.elementor-element-0ba4e7f .jeg-elementor-kit.jkit-nav-menu .jkit-menu-wrapper:not(.active){width:188px;}.elementor-13029 .elementor-element.elementor-element-0ba4e7f .jeg-elementor-kit.jkit-nav-menu .jkit-menu-wrapper{margin:0px 0px 0px 0px;}.elementor-13029 .elementor-element.elementor-element-0ba4e7f .jeg-elementor-kit.jkit-nav-menu .jkit-menu-wrapper .jkit-menu > li > a{font-family:\"Jost\", Sans-serif;font-size:18px;font-weight:400;line-height:20px;}.elementor-13029 .elementor-element.elementor-element-0ba4e7f .jeg-elementor-kit.jkit-nav-menu .jkit-menu-wrapper .jkit-menu > li:not(.hover-gradient, .current-menu-item):hover > a{color:var( --e-global-color-primary );border-style:solid;}.elementor-13029 .elementor-element.elementor-element-0ba4e7f .jeg-elementor-kit.jkit-nav-menu .jkit-menu-wrapper .jkit-menu > li:not(.hover-gradient, .current-menu-item):hover > a svg{fill:var( --e-global-color-primary );}.elementor-13029 .elementor-element.elementor-element-0ba4e7f .jeg-elementor-kit.jkit-nav-menu .jkit-menu-wrapper .jkit-menu > li.current-menu-item > a, .elementor-13029 .elementor-element.elementor-element-0ba4e7f .jeg-elementor-kit.jkit-nav-menu .jkit-menu-wrapper .jkit-menu > li.current-menu-ancestor > a{color:var( --e-global-color-primary );}.elementor-13029 .elementor-element.elementor-element-0ba4e7f .jeg-elementor-kit.jkit-nav-menu .jkit-menu-wrapper .jkit-menu > li.current-menu-item > a svg, .elementor-13029 .elementor-element.elementor-element-0ba4e7f .jeg-elementor-kit.jkit-nav-menu .jkit-menu-wrapper .jkit-menu > li.current-menu-ancestor > a svg{fill:var( --e-global-color-primary );}.elementor-13029 .elementor-element.elementor-element-0ba4e7f .jeg-elementor-kit.jkit-nav-menu .jkit-menu-wrapper .jkit-menu li.menu-item-has-children .sub-menu{min-width:220px;}.elementor-13029 .elementor-element.elementor-element-0ba4e7f .jeg-elementor-kit.jkit-nav-menu .jkit-hamburger-menu{float:right;}.elementor-13029 .elementor-element.elementor-element-0ba4e7f .jeg-elementor-kit.jkit-nav-menu .jkit-menu-wrapper .jkit-nav-identity-panel .jkit-nav-site-title .jkit-nav-logo img{object-fit:cover;}.elementor-13029 .elementor-element.elementor-element-cda1de8 > .elementor-element-populated{padding:0px 0px 0px 30px;}.elementor-13029 .elementor-element.elementor-element-b918f17 .elementor-heading-title{color:var( --e-global-color-text );font-family:\"Marcellus\", Sans-serif;font-size:46px;font-weight:400;}.elementor-13029 .elementor-element.elementor-element-b918f17 > .elementor-widget-container{margin:-20px 0px 0px 0px;}.elementor-13029 .elementor-element.elementor-element-1bc07ab .elementskit-section-title-wraper .elementskit-section-title{color:var( --e-global-color-text );margin:0px 0px -14px 0px;font-family:\"Marcellus\", Sans-serif;font-size:46px;font-weight:400;}.elementor-13029 .elementor-element.elementor-element-1bc07ab .elementskit-section-title-wraper .elementskit-section-title > span{color:#000000;}.elementor-13029 .elementor-element.elementor-element-1bc07ab .elementskit-section-title-wraper .elementskit-section-title:hover > span{color:#000000;}.elementor-13029 .elementor-element.elementor-element-1bc07ab .elementskit-section-title-wraper p{color:var( --e-global-color-text );font-family:\"Jost\", Sans-serif;font-size:19px;font-weight:400;line-height:28px;}.elementor-13029 .elementor-element.elementor-element-1bc07ab > .elementor-widget-container{margin:0px 0px 0px 0px;}@media(min-width:769px){.elementor-13029 .elementor-element.elementor-element-c44c386{width:19.121%;}.elementor-13029 .elementor-element.elementor-element-cda1de8{width:80.544%;}}@media(max-width:1024px){.elementor-13029 .elementor-element.elementor-element-ed30586 > .elementor-element-populated{padding:0px 15px 0px 15px;}.elementor-13029 .elementor-element.elementor-element-76e5b3a .elementskit-section-title-wraper .elementskit-section-title{font-size:100px;}.elementor-13029 .elementor-element.elementor-element-0ba4e7f .jeg-elementor-kit.jkit-nav-menu .jkit-menu-wrapper .jkit-nav-identity-panel .jkit-nav-site-title .jkit-nav-logo img{max-width:260px;}.elementor-13029 .elementor-element.elementor-element-1bc07ab .elementskit-section-title-wraper .elementskit-section-title{font-size:100px;}}@media(max-width:768px){.elementor-13029 .elementor-element.elementor-element-76e5b3a .elementskit-section-title-wraper .elementskit-section-title{font-size:30px;}.elementor-13029 .elementor-element.elementor-element-76e5b3a .elementskit-section-title-wraper p{font-size:14px;}.elementor-13029 .elementor-element.elementor-element-0ba4e7f .jeg-elementor-kit.jkit-nav-menu .jkit-menu-wrapper .jkit-nav-identity-panel .jkit-nav-site-title .jkit-nav-logo img{max-width:240px;}.elementor-13029 .elementor-element.elementor-element-1bc07ab .elementskit-section-title-wraper .elementskit-section-title{font-size:80px;}}@media (max-width: 1024px) {.elementor-element.elementor-element-0ba4e7f .jeg-elementor-kit.jkit-nav-menu .jkit-hamburger-menu { display: block; } }@media (max-width: 1024px) {.elementor-element.elementor-element-0ba4e7f .jeg-elementor-kit.jkit-nav-menu .jkit-menu-wrapper { width: 100%; max-width: 360px; border-radius: 0; background-color: #f7f7f7; width: 100%; position: fixed; top: 0; left: -110%; height: 100%!important; box-shadow: 0 10px 30px 0 rgba(255,165,0,0); overflow-y: auto; overflow-x: hidden; padding-top: 0; padding-left: 0; padding-right: 0; display: flex; flex-direction: column-reverse; justify-content: flex-end; -moz-transition: left .6s cubic-bezier(.6,.1,.68,.53), width .6s; -webkit-transition: left .6s cubic-bezier(.6,.1,.68,.53), width .6s; -o-transition: left .6s cubic-bezier(.6,.1,.68,.53), width .6s; -ms-transition: left .6s cubic-bezier(.6,.1,.68,.53), width .6s; transition: left .6s cubic-bezier(.6,.1,.68,.53), width .6s; } }@media (max-width: 1024px) {.elementor-element.elementor-element-0ba4e7f .jeg-elementor-kit.jkit-nav-menu .jkit-menu-wrapper.active { left: 0; } }@media (max-width: 1024px) {.elementor-element.elementor-element-0ba4e7f .jeg-elementor-kit.jkit-nav-menu .jkit-menu-wrapper .jkit-menu-container { overflow-y: hidden; } }@media (max-width: 1024px) {.elementor-element.elementor-element-0ba4e7f .jeg-elementor-kit.jkit-nav-menu .jkit-menu-wrapper .jkit-nav-identity-panel { padding: 10px 0px 10px 0px; display: block; position: relative; z-index: 5; width: 100%; } }@media (max-width: 1024px) {.elementor-element.elementor-element-0ba4e7f .jeg-elementor-kit.jkit-nav-menu .jkit-menu-wrapper .jkit-nav-identity-panel .jkit-nav-site-title { display: inline-block; } }@media (max-width: 1024px) {.elementor-element.elementor-element-0ba4e7f .jeg-elementor-kit.jkit-nav-menu .jkit-menu-wrapper .jkit-nav-identity-panel .jkit-close-menu { display: block; } }@media (max-width: 1024px) {.elementor-element.elementor-element-0ba4e7f .jeg-elementor-kit.jkit-nav-menu .jkit-menu-wrapper .jkit-menu { display: block; height: 100%; overflow-y: auto; } }@media (max-width: 1024px) {.elementor-element.elementor-element-0ba4e7f .jeg-elementor-kit.jkit-nav-menu .jkit-menu-wrapper .jkit-menu li.menu-item-has-children > a i { margin-left: auto; border: 1px solid var(--jkit-border-color); border-radius: 3px; padding: 4px 15px; } }@media (max-width: 1024px) {.elementor-element.elementor-element-0ba4e7f .jeg-elementor-kit.jkit-nav-menu .jkit-menu-wrapper .jkit-menu li.menu-item-has-children > a svg { margin-left: auto; border: 1px solid var(--jkit-border-color); border-radius: 3px; } }@media (max-width: 1024px) {.elementor-element.elementor-element-0ba4e7f .jeg-elementor-kit.jkit-nav-menu .jkit-menu-wrapper .jkit-menu li.menu-item-has-children .sub-menu { position: inherit; box-shadow: none; background: none; } }@media (max-width: 1024px) {.elementor-element.elementor-element-0ba4e7f .jeg-elementor-kit.jkit-nav-menu .jkit-menu-wrapper .jkit-menu li { display: block; width: 100%; position: inherit; } }@media (max-width: 1024px) {.elementor-element.elementor-element-0ba4e7f .jeg-elementor-kit.jkit-nav-menu .jkit-menu-wrapper .jkit-menu li .sub-menu { display: none; max-height: 2500px; opacity: 0; visibility: hidden; transition: max-height 5s ease-out; } }@media (max-width: 1024px) {.elementor-element.elementor-element-0ba4e7f .jeg-elementor-kit.jkit-nav-menu .jkit-menu-wrapper .jkit-menu li .sub-menu.dropdown-open { display: block; opacity: 1; visibility: visible; } }@media (max-width: 1024px) {.elementor-element.elementor-element-0ba4e7f .jeg-elementor-kit.jkit-nav-menu .jkit-menu-wrapper .jkit-menu li a { display: block; } }@media (max-width: 1024px) {.elementor-element.elementor-element-0ba4e7f .jeg-elementor-kit.jkit-nav-menu .jkit-menu-wrapper .jkit-menu li a i { float: right; } }@media (max-width: 1024px) {.elementor-element.elementor-element-0ba4e7f .jeg-elementor-kit.jkit-nav-menu .jkit-menu-wrapper .jkit-menu li a svg { float: right } }@media (min-width: 1025px) {.elementor-element.elementor-element-0ba4e7f .jeg-elementor-kit.jkit-nav-menu .jkit-menu-wrapper .jkit-menu-container { height: 100%; } }@media (max-width: 1024px) {.admin-bar .elementor-element.elementor-element-0ba4e7f .jeg-elementor-kit.jkit-nav-menu .jkit-menu-wrapper { top: 32px; } }@media (max-width: 782px) {.admin-bar .elementor-element.elementor-element-0ba4e7f .jeg-elementor-kit.jkit-nav-menu .jkit-menu-wrapper { top: 46px; } }<\/style>\t\t<div data-elementor-type=\"wp-post\" data-elementor-id=\"13029\" class=\"elementor elementor-13029 elementor-423\">\n\t\t\t\t\t\t<section class=\"elementor-section elementor-top-section elementor-element elementor-element-4b0947d elementor-section-height-min-height elementor-section-full_width elementor-section-stretched elementor-section-height-default elementor-section-items-middle\" data-id=\"4b0947d\" data-element_type=\"section\" data-settings=\"{&quot;background_background&quot;:&quot;classic&quot;,&quot;stretch_section&quot;:&quot;section-stretched&quot;,&quot;hoteller_ext_is_background_parallax&quot;:&quot;false&quot;,&quot;hoteller_ext_is_background_on_scroll&quot;:&quot;false&quot;}\">\n\t\t\t\t\t\t\t<div class=\"elementor-background-overlay\"><\/div>\n\t\t\t\t\t\t\t<div class=\"elementor-container elementor-column-gap-no\">\n\t\t\t\t\t<div class=\"elementor-column elementor-col-100 elementor-top-column elementor-element elementor-element-ed30586\" data-id=\"ed30586\" data-element_type=\"column\" data-settings=\"{&quot;hoteller_ext_link_sidemenu&quot;:&quot;false&quot;,&quot;hoteller_ext_link_fullmenu&quot;:&quot;false&quot;,&quot;hoteller_ext_link_closed_fullmenu&quot;:&quot;false&quot;,&quot;hoteller_ext_is_scrollme&quot;:&quot;false&quot;,&quot;hoteller_ext_is_smoove&quot;:&quot;false&quot;,&quot;hoteller_ext_is_parallax_mouse&quot;:&quot;false&quot;,&quot;hoteller_ext_is_infinite&quot;:&quot;false&quot;,&quot;hoteller_ext_is_fadeout_animation&quot;:&quot;false&quot;,&quot;hoteller_ext_mobile_static&quot;:&quot;false&quot;}\">\n\t\t\t<div class=\"elementor-widget-wrap elementor-element-populated\">\n\t\t\t\t\t\t<div class=\"elementor-element elementor-element-76e5b3a elementor-widget elementor-widget-elementskit-heading\" data-id=\"76e5b3a\" data-element_type=\"widget\" data-settings=\"{&quot;hoteller_ext_link_sidemenu&quot;:&quot;false&quot;,&quot;hoteller_ext_link_fullmenu&quot;:&quot;false&quot;,&quot;hoteller_ext_link_closed_fullmenu&quot;:&quot;false&quot;,&quot;hoteller_ext_is_scrollme&quot;:&quot;false&quot;,&quot;hoteller_ext_is_smoove&quot;:&quot;false&quot;,&quot;hoteller_ext_is_parallax_mouse&quot;:&quot;false&quot;,&quot;hoteller_ext_is_infinite&quot;:&quot;false&quot;,&quot;hoteller_ext_is_fadeout_animation&quot;:&quot;false&quot;,&quot;hoteller_ext_mobile_static&quot;:&quot;false&quot;}\" data-widget_type=\"elementskit-heading.default\">\n\t\t\t\t<div class=\"elementor-widget-container\">\n\t\t\t<div class=\"ekit-wid-con\" ><div class=\"ekit-heading elementskit-section-title-wraper center   ekit_heading_tablet-   ekit_heading_mobile-\"><h2 class=\"ekit-heading--title elementskit-section-title \">\u00dcber uns<\/h2>\t\t\t\t<div class='ekit-heading__description'>\n\t\t\t\t\t<p>Manche wollen die W\u00e4rme des Meeres sp\u00fcren, w\u00e4hrend andere die W\u00e4rme der Sonne sp\u00fcren m\u00f6chten. Die Aska Gruppe bietet Ihnen ein einzigartiges Urlaubskonzept, indem sie die historische Vergangenheit und die einzigartige Kultur von Antalya, der Perle des Mittelmeers, miteinander verbindet.<\/p>\n\t\t\t\t<\/div>\n\t\t\t<\/div><\/div>\t\t<\/div>\n\t\t\t\t<\/div>\n\t\t\t\t\t<\/div>\n\t\t<\/div>\n\t\t\t\t\t<\/div>\n\t\t<\/section>\n\t\t\t\t<section class=\"elementor-section elementor-top-section elementor-element elementor-element-8c459f2 elementor-section-boxed elementor-section-height-default elementor-section-height-default\" data-id=\"8c459f2\" data-element_type=\"section\" data-settings=\"{&quot;hoteller_ext_is_background_parallax&quot;:&quot;false&quot;,&quot;hoteller_ext_is_background_on_scroll&quot;:&quot;false&quot;}\">\n\t\t\t\t\t\t<div class=\"elementor-container elementor-column-gap-default\">\n\t\t\t\t\t<div class=\"elementor-column elementor-col-33 elementor-top-column elementor-element elementor-element-c44c386\" data-id=\"c44c386\" data-element_type=\"column\" data-settings=\"{&quot;hoteller_ext_link_sidemenu&quot;:&quot;false&quot;,&quot;hoteller_ext_link_fullmenu&quot;:&quot;false&quot;,&quot;hoteller_ext_link_closed_fullmenu&quot;:&quot;false&quot;,&quot;hoteller_ext_is_scrollme&quot;:&quot;false&quot;,&quot;hoteller_ext_is_smoove&quot;:&quot;false&quot;,&quot;hoteller_ext_is_parallax_mouse&quot;:&quot;false&quot;,&quot;hoteller_ext_is_infinite&quot;:&quot;false&quot;,&quot;hoteller_ext_is_fadeout_animation&quot;:&quot;false&quot;,&quot;hoteller_ext_mobile_static&quot;:&quot;false&quot;}\">\n\t\t\t<div class=\"elementor-widget-wrap elementor-element-populated\">\n\t\t\t\t\t\t<div class=\"elementor-element elementor-element-0ba4e7f elementor-widget elementor-widget-jkit_nav_menu\" data-id=\"0ba4e7f\" data-element_type=\"widget\" data-settings=\"{&quot;hoteller_ext_link_sidemenu&quot;:&quot;false&quot;,&quot;hoteller_ext_link_fullmenu&quot;:&quot;false&quot;,&quot;hoteller_ext_link_closed_fullmenu&quot;:&quot;false&quot;,&quot;hoteller_ext_is_scrollme&quot;:&quot;false&quot;,&quot;hoteller_ext_is_smoove&quot;:&quot;false&quot;,&quot;hoteller_ext_is_parallax_mouse&quot;:&quot;false&quot;,&quot;hoteller_ext_is_infinite&quot;:&quot;false&quot;,&quot;hoteller_ext_is_fadeout_animation&quot;:&quot;false&quot;,&quot;hoteller_ext_mobile_static&quot;:&quot;false&quot;}\" data-widget_type=\"jkit_nav_menu.default\">\n\t\t\t\t<div class=\"elementor-widget-container\">\n\t\t\t<div  class=\"jeg-elementor-kit jkit-nav-menu break-point-tablet submenu-click-title jeg_module___69e23aacb3a2c\"  data-item-indicator=\"&lt;i aria-hidden=&quot;true&quot; class=&quot;fas fa-angle-down&quot;&gt;&lt;\/i&gt;\"><button aria-label=\"open-menu\" class=\"jkit-hamburger-menu\"><i aria-hidden=\"true\" class=\"fas fa-bars\"><\/i><\/button>\n        <div class=\"jkit-menu-wrapper\"><div class=\"jkit-menu-container\"><ul id=\"menu-kurumsal-menue-almanca\" class=\"jkit-menu jkit-menu-direction-block jkit-submenu-position-top\"><li id=\"menu-item-15884\" class=\"menu-item menu-item-type-post_type menu-item-object-page menu-item-15884\"><a href=\"https:\/\/www.askahotels.com\/de\/institutionell\/\">Institutionell<\/a><\/li>\n<li id=\"menu-item-15885\" class=\"menu-item menu-item-type-post_type menu-item-object-page menu-item-15885\"><a href=\"https:\/\/www.askahotels.com\/de\/entwicklungsgeschichte\/\">Entwicklungsgeschichte<\/a><\/li>\n<li id=\"menu-item-15886\" class=\"menu-item menu-item-type-post_type menu-item-object-page menu-item-15886\"><a href=\"https:\/\/www.askahotels.com\/de\/vision-und-mission\/\">Vision und Mission<\/a><\/li>\n<li id=\"menu-item-15887\" class=\"menu-item menu-item-type-post_type menu-item-object-page menu-item-15887\"><a href=\"https:\/\/www.askahotels.com\/de\/qualitatsrichtlinie\/\">Qualit\u00e4tsrichtlinie<\/a><\/li>\n<li id=\"menu-item-15888\" class=\"menu-item menu-item-type-post_type menu-item-object-page menu-item-15888\"><a href=\"https:\/\/www.askahotels.com\/de\/richtlinie-zur-gaestezufriedenheit\/\">Richtlinie zur G\u00e4stezufriedenheit<\/a><\/li>\n<li id=\"menu-item-15889\" class=\"menu-item menu-item-type-post_type menu-item-object-page menu-item-15889\"><a href=\"https:\/\/www.askahotels.com\/de\/arbeitsschutzrichtlinie\/\">Arbeitsschutzrichtlinie<\/a><\/li>\n<li id=\"menu-item-15890\" class=\"menu-item menu-item-type-post_type menu-item-object-page menu-item-15890\"><a href=\"https:\/\/www.askahotels.com\/de\/richtlinie-zur-lebensmittelsicherheit\/\">Richtlinie zur Lebensmittelsicherheit<\/a><\/li>\n<li id=\"menu-item-15891\" class=\"menu-item menu-item-type-post_type menu-item-object-page menu-item-15891\"><a href=\"https:\/\/www.askahotels.com\/de\/umweltpolitik\/\">Umweltpolitik<\/a><\/li>\n<li id=\"menu-item-15903\" class=\"menu-item menu-item-type-post_type menu-item-object-page menu-item-15903\"><a href=\"https:\/\/www.askahotels.com\/de\/humanressourcen\/\">Humanressourcen<\/a><\/li>\n<li id=\"menu-item-15904\" class=\"menu-item menu-item-type-post_type menu-item-object-page menu-item-15904\"><a href=\"https:\/\/www.askahotels.com\/de\/auszeichnungen\/\">Auszeichnungen<\/a><\/li>\n<li id=\"menu-item-15905\" class=\"menu-item menu-item-type-post_type menu-item-object-page menu-item-15905\"><a href=\"https:\/\/www.askahotels.com\/de\/beleuchtungstest\/\">Gesetz zum Schutz personenbezogener Daten<\/a><\/li>\n<\/ul><\/div>\n            <div class=\"jkit-nav-identity-panel\">\n                <div class=\"jkit-nav-site-title\"><a href=\"https:\/\/www.askahotels.com\/de\/\" class=\"jkit-nav-logo\" aria-label=\"Home Link\"><\/a><\/div>\n                <button aria-label=\"close-menu\" class=\"jkit-close-menu\"><i aria-hidden=\"true\" class=\"fas fa-times\"><\/i><\/button>\n            <\/div>\n        <\/div>\n        <div class=\"jkit-overlay\"><\/div><\/div>\t\t<\/div>\n\t\t\t\t<\/div>\n\t\t\t\t\t<\/div>\n\t\t<\/div>\n\t\t\t\t<div class=\"elementor-column elementor-col-66 elementor-top-column elementor-element elementor-element-cda1de8\" data-id=\"cda1de8\" data-element_type=\"column\" data-settings=\"{&quot;hoteller_ext_link_sidemenu&quot;:&quot;false&quot;,&quot;hoteller_ext_link_fullmenu&quot;:&quot;false&quot;,&quot;hoteller_ext_link_closed_fullmenu&quot;:&quot;false&quot;,&quot;hoteller_ext_is_scrollme&quot;:&quot;false&quot;,&quot;hoteller_ext_is_smoove&quot;:&quot;false&quot;,&quot;hoteller_ext_is_parallax_mouse&quot;:&quot;false&quot;,&quot;hoteller_ext_is_infinite&quot;:&quot;false&quot;,&quot;hoteller_ext_is_fadeout_animation&quot;:&quot;false&quot;,&quot;hoteller_ext_mobile_static&quot;:&quot;false&quot;}\">\n\t\t\t<div class=\"elementor-widget-wrap elementor-element-populated\">\n\t\t\t\t\t\t<div class=\"elementor-element elementor-element-b918f17 elementor-invisible elementor-widget elementor-widget-heading\" data-id=\"b918f17\" data-element_type=\"widget\" data-settings=\"{&quot;_animation&quot;:&quot;fadeIn&quot;,&quot;hoteller_ext_link_sidemenu&quot;:&quot;false&quot;,&quot;hoteller_ext_link_fullmenu&quot;:&quot;false&quot;,&quot;hoteller_ext_link_closed_fullmenu&quot;:&quot;false&quot;,&quot;hoteller_ext_is_scrollme&quot;:&quot;false&quot;,&quot;hoteller_ext_is_smoove&quot;:&quot;false&quot;,&quot;hoteller_ext_is_parallax_mouse&quot;:&quot;false&quot;,&quot;hoteller_ext_is_infinite&quot;:&quot;false&quot;,&quot;hoteller_ext_is_fadeout_animation&quot;:&quot;false&quot;,&quot;hoteller_ext_mobile_static&quot;:&quot;false&quot;}\" data-widget_type=\"heading.default\">\n\t\t\t\t<div class=\"elementor-widget-container\">\n\t\t\t<h2 class=\"elementor-heading-title elementor-size-default\">\u00dcber uns<\/h2>\t\t<\/div>\n\t\t\t\t<\/div>\n\t\t\t\t<div class=\"elementor-element elementor-element-1bc07ab elementor-widget elementor-widget-elementskit-heading\" data-id=\"1bc07ab\" data-element_type=\"widget\" data-settings=\"{&quot;hoteller_ext_link_sidemenu&quot;:&quot;false&quot;,&quot;hoteller_ext_link_fullmenu&quot;:&quot;false&quot;,&quot;hoteller_ext_link_closed_fullmenu&quot;:&quot;false&quot;,&quot;hoteller_ext_is_scrollme&quot;:&quot;false&quot;,&quot;hoteller_ext_is_smoove&quot;:&quot;false&quot;,&quot;hoteller_ext_is_parallax_mouse&quot;:&quot;false&quot;,&quot;hoteller_ext_is_infinite&quot;:&quot;false&quot;,&quot;hoteller_ext_is_fadeout_animation&quot;:&quot;false&quot;,&quot;hoteller_ext_mobile_static&quot;:&quot;false&quot;}\" data-widget_type=\"elementskit-heading.default\">\n\t\t\t\t<div class=\"elementor-widget-container\">\n\t\t\t<div class=\"ekit-wid-con\" ><div class=\"ekit-heading elementskit-section-title-wraper text_left   ekit_heading_tablet-   ekit_heading_mobile-\">\t\t\t\t<div class='ekit-heading__description'>\n\t\t\t\t\t<p>Seit unserer Gr\u00fcndung im Jahr 1999 unternehmen wir Schritte, um ein neues Urlaubskonzept zu entwickeln, indem wir Tradition und Moderne verbinden.<\/p>\n<p>Als Aska Gruppe das Urlaubskonzept f\u00fcr uns; Es ist ein Reiseziel, an dem Sie die wunderbare Erfahrung von Natur, Gl\u00fcck und Aufregung erleben werden. Wir unternehmen jeden Tag feste Schritte, um einen wunderbaren Urlaubsort zu schaffen, indem wir die reiche Kultur und Tradition Antalyas mit einer modernen Perspektive kombinieren.<\/p>\n<p>Als Aska Gruppe das Urlaubskonzept f\u00fcr uns; Es ist ein Reiseziel, an dem Sie die wunderbare Erfahrung von Natur, Gl\u00fcck und Aufregung erleben werden. Wir unternehmen jeden Tag feste Schritte, um einen wunderbaren Urlaubsort zu schaffen, indem wir die reiche Kultur und Tradition Antalyas mit einer modernen Perspektive kombinieren.<\/p>\n\t\t\t\t<\/div>\n\t\t\t<\/div><\/div>\t\t<\/div>\n\t\t\t\t<\/div>\n\t\t\t\t\t<\/div>\n\t\t<\/div>\n\t\t\t\t\t<\/div>\n\t\t<\/section>\n\t\t\t\t<\/div>\n\t\t","protected":false},"excerpt":{"rendered":"<p>\u00dcber uns Manche wollen die W\u00e4rme des Meeres sp\u00fcren, w\u00e4hrend andere die W\u00e4rme der Sonne sp\u00fcren m\u00f6chten. Die Aska Gruppe bietet Ihnen ein einzigartiges Urlaubskonzept, indem sie die historische Vergangenheit und die einzigartige Kultur von Antalya, der Perle des Mittelmeers, [&hellip;]<\/p>\n","protected":false},"author":1,"featured_media":0,"parent":0,"menu_order":0,"comment_status":"closed","ping_status":"closed","template":"","meta":{"inline_featured_image":false,"footnotes":""},"class_list":["post-13029","page","type-page","status-publish","hentry"],"_links":{"self":[{"href":"https:\/\/www.askahotels.com\/de\/wp-json\/wp\/v2\/pages\/13029","targetHints":{"allow":["GET"]}}],"collection":[{"href":"https:\/\/www.askahotels.com\/de\/wp-json\/wp\/v2\/pages"}],"about":[{"href":"https:\/\/www.askahotels.com\/de\/wp-json\/wp\/v2\/types\/page"}],"author":[{"embeddable":true,"href":"https:\/\/www.askahotels.com\/de\/wp-json\/wp\/v2\/users\/1"}],"replies":[{"embeddable":true,"href":"https:\/\/www.askahotels.com\/de\/wp-json\/wp\/v2\/comments?post=13029"}],"version-history":[{"count":17,"href":"https:\/\/www.askahotels.com\/de\/wp-json\/wp\/v2\/pages\/13029\/revisions"}],"predecessor-version":[{"id":29699,"href":"https:\/\/www.askahotels.com\/de\/wp-json\/wp\/v2\/pages\/13029\/revisions\/29699"}],"wp:attachment":[{"href":"https:\/\/www.askahotels.com\/de\/wp-json\/wp\/v2\/media?parent=13029"}],"curies":[{"name":"wp","href":"https:\/\/api.w.org\/{rel}","templated":true}]}}