{"id":15213,"date":"2022-12-06T13:24:37","date_gmt":"2022-12-06T13:24:37","guid":{"rendered":"https:\/\/www.demo.askahotels.com\/bayview-resort\/toplanti-seminer\/"},"modified":"2022-12-25T16:56:37","modified_gmt":"2022-12-25T16:56:37","slug":"veranstaltungen-seminar","status":"publish","type":"page","link":"https:\/\/www.askahotels.com\/de\/bayview-resort\/veranstaltungen-seminar\/","title":{"rendered":"VERANSTALTUNGEN &amp; SEMINAR"},"content":{"rendered":"<style>.elementor-15213 .elementor-element.elementor-element-dcb2446 > .elementor-container{min-height:504px;}.elementor-15213 .elementor-element.elementor-element-dcb2446:not(.elementor-motion-effects-element-type-background), .elementor-15213 .elementor-element.elementor-element-dcb2446 > .elementor-motion-effects-container > .elementor-motion-effects-layer{background-image:url(\"https:\/\/www.askahotels.com\/wp-content\/uploads\/2022\/11\/ASKA-TOPLANTI-1-3-2.jpg\");background-position:center left;background-repeat:no-repeat;background-size:cover;}.elementor-15213 .elementor-element.elementor-element-dcb2446 > .elementor-background-overlay{background-color:#000000;opacity:0.5;transition:background 0.3s, border-radius 0.3s, opacity 0.3s;}.elementor-15213 .elementor-element.elementor-element-dcb2446{transition:background 0.3s, border 0.3s, border-radius 0.3s, box-shadow 0.3s;padding:0px 0px 0px 0px;}.elementor-15213 .elementor-element.elementor-element-978a5a5 > .elementor-widget-wrap > .elementor-widget:not(.elementor-widget__width-auto):not(.elementor-widget__width-initial):not(:last-child):not(.elementor-absolute){margin-bottom:40px;}.elementor-15213 .elementor-element.elementor-element-978a5a5 > .elementor-element-populated{padding:15px 15px 15px 15px;}.elementor-15213 .elementor-element.elementor-element-b73281f .elementskit-section-title-wraper .elementskit-section-title{color:#ffffff;margin:0px 0px -14px 0px;font-family:\"Marcellus\", Sans-serif;font-size:46px;font-weight:400;}.elementor-15213 .elementor-element.elementor-element-b73281f .elementskit-section-title-wraper .elementskit-section-title > span{color:#000000;}.elementor-15213 .elementor-element.elementor-element-b73281f .elementskit-section-title-wraper .elementskit-section-title:hover > span{color:#000000;}.elementor-15213 .elementor-element.elementor-element-b73281f .elementskit-section-title-wraper p{color:#ffffff;font-family:\"Jost\", Sans-serif;font-size:19px;font-weight:400;line-height:28px;}.elementor-15213 .elementor-element.elementor-element-b73281f > .elementor-widget-container{margin:0px 0px 0px 18px;}.elementor-15213 .elementor-element.elementor-element-b50ac6f{margin-top:100px;margin-bottom:100px;}.elementor-15213 .elementor-element.elementor-element-942f4b0{text-align:center;}.elementor-15213 .elementor-element.elementor-element-942f4b0 .elementor-heading-title{color:var( --e-global-color-text );font-family:\"Marcellus\", Sans-serif;font-size:46px;font-weight:400;}.elementor-15213 .elementor-element.elementor-element-942f4b0 > .elementor-widget-container{margin:-20px 0px 0px 0px;}.elementor-15213 .elementor-element.elementor-element-ca6907f .themegoods-animated-text{text-align:center;}.elementor-15213 .elementor-element.elementor-element-ca6907f .themegoods-animated-text h1{color:var( --e-global-color-text );}.elementor-15213 .elementor-element.elementor-element-ca6907f .themegoods-animated-text h2{color:var( --e-global-color-text );}.elementor-15213 .elementor-element.elementor-element-ca6907f .themegoods-animated-text h3{color:var( --e-global-color-text );}.elementor-15213 .elementor-element.elementor-element-ca6907f .themegoods-animated-text h4{color:var( --e-global-color-text );}.elementor-15213 .elementor-element.elementor-element-ca6907f .themegoods-animated-text h5{color:var( --e-global-color-text );}.elementor-15213 .elementor-element.elementor-element-ca6907f .themegoods-animated-text h6{color:var( --e-global-color-text );}.elementor-15213 .elementor-element.elementor-element-ca6907f .themegoods-animated-text div{color:var( --e-global-color-text );}.elementor-15213 .elementor-element.elementor-element-ca6907f .themegoods-animated-text span{color:var( --e-global-color-text );}.elementor-15213 .elementor-element.elementor-element-ca6907f .themegoods-animated-text p{color:var( --e-global-color-text );}.elementor-15213 .elementor-element.elementor-element-ca6907f .themegoods-animated-text h1, .elementor-15213 .elementor-element.elementor-element-ca6907f .themegoods-animated-text h2, .elementor-15213 .elementor-element.elementor-element-ca6907f .themegoods-animated-text h3, .elementor-15213 .elementor-element.elementor-element-ca6907f .themegoods-animated-text h4, .elementor-15213 .elementor-element.elementor-element-ca6907f .themegoods-animated-text h5, .elementor-15213 .elementor-element.elementor-element-ca6907f .themegoods-animated-text h6, .elementor-15213 .elementor-element.elementor-element-ca6907f .themegoods-animated-text div, .elementor-15213 .elementor-element.elementor-element-ca6907f .themegoods-animated-text span, .elementor-15213 .elementor-element.elementor-element-ca6907f .themegoods-animated-text p{font-family:\"Jost\", Sans-serif;font-size:18px;font-weight:400;font-style:normal;line-height:1.7em;}.elementor-15213 .elementor-element.elementor-element-ca6907f > .elementor-widget-container{margin:-21px 0px 0px 0px;}.elementor-15213 .elementor-element.elementor-element-077b247 .gallery-item .gallery-caption{text-align:center;}@media(max-width:1024px){.elementor-15213 .elementor-element.elementor-element-978a5a5 > .elementor-element-populated{padding:0px 15px 0px 15px;}.elementor-15213 .elementor-element.elementor-element-b73281f .elementskit-section-title-wraper .elementskit-section-title{font-size:100px;}}@media(max-width:768px){.elementor-15213 .elementor-element.elementor-element-b73281f .elementskit-section-title-wraper .elementskit-section-title{font-size:30px;}.elementor-15213 .elementor-element.elementor-element-b73281f .elementskit-section-title-wraper p{font-size:14px;}}<\/style>\t\t<div data-elementor-type=\"wp-page\" data-elementor-id=\"15213\" class=\"elementor elementor-15213 elementor-7190\">\n\t\t\t\t\t\t<section class=\"elementor-section elementor-top-section elementor-element elementor-element-dcb2446 elementor-section-height-min-height elementor-section-full_width elementor-section-stretched elementor-section-height-default elementor-section-items-middle\" data-id=\"dcb2446\" data-element_type=\"section\" data-settings=\"{&quot;background_background&quot;:&quot;classic&quot;,&quot;stretch_section&quot;:&quot;section-stretched&quot;,&quot;hoteller_ext_is_background_parallax&quot;:&quot;false&quot;,&quot;hoteller_ext_is_background_on_scroll&quot;:&quot;false&quot;}\">\n\t\t\t\t\t\t\t<div class=\"elementor-background-overlay\"><\/div>\n\t\t\t\t\t\t\t<div class=\"elementor-container elementor-column-gap-no\">\n\t\t\t\t\t<div class=\"elementor-column elementor-col-100 elementor-top-column elementor-element elementor-element-978a5a5\" data-id=\"978a5a5\" data-element_type=\"column\" data-settings=\"{&quot;hoteller_ext_link_sidemenu&quot;:&quot;false&quot;,&quot;hoteller_ext_link_fullmenu&quot;:&quot;false&quot;,&quot;hoteller_ext_link_closed_fullmenu&quot;:&quot;false&quot;,&quot;hoteller_ext_is_scrollme&quot;:&quot;false&quot;,&quot;hoteller_ext_is_smoove&quot;:&quot;false&quot;,&quot;hoteller_ext_is_parallax_mouse&quot;:&quot;false&quot;,&quot;hoteller_ext_is_infinite&quot;:&quot;false&quot;,&quot;hoteller_ext_is_fadeout_animation&quot;:&quot;false&quot;,&quot;hoteller_ext_mobile_static&quot;:&quot;false&quot;}\">\n\t\t\t<div class=\"elementor-widget-wrap elementor-element-populated\">\n\t\t\t\t\t\t<div class=\"elementor-element elementor-element-b73281f elementor-widget elementor-widget-elementskit-heading\" data-id=\"b73281f\" data-element_type=\"widget\" data-settings=\"{&quot;hoteller_ext_link_sidemenu&quot;:&quot;false&quot;,&quot;hoteller_ext_link_fullmenu&quot;:&quot;false&quot;,&quot;hoteller_ext_link_closed_fullmenu&quot;:&quot;false&quot;,&quot;hoteller_ext_is_scrollme&quot;:&quot;false&quot;,&quot;hoteller_ext_is_smoove&quot;:&quot;false&quot;,&quot;hoteller_ext_is_parallax_mouse&quot;:&quot;false&quot;,&quot;hoteller_ext_is_infinite&quot;:&quot;false&quot;,&quot;hoteller_ext_is_fadeout_animation&quot;:&quot;false&quot;,&quot;hoteller_ext_mobile_static&quot;:&quot;false&quot;}\" data-widget_type=\"elementskit-heading.default\">\n\t\t\t\t<div class=\"elementor-widget-container\">\n\t\t\t<div class=\"ekit-wid-con\" ><div class=\"ekit-heading elementskit-section-title-wraper center   ekit_heading_tablet-   ekit_heading_mobile-\"><h2 class=\"ekit-heading--title elementskit-section-title \">VERANSTALTUNGEN &amp; SEMINAR<\/h2>\t\t\t\t<div class='ekit-heading__description'>\n\t\t\t\t\t<p>Als Aska Bayview Resort schaffen wir mit unseren Konferenzr\u00e4umen eine ideale Auswahl f\u00fcr Ihre Gesch\u00e4ftstreffen und besonderen Veranstaltungen und verleihen all Ihren Programmen mit unserem personalisierten Service eine elegante Note.<\/p>\n\t\t\t\t<\/div>\n\t\t\t<\/div><\/div>\t\t<\/div>\n\t\t\t\t<\/div>\n\t\t\t\t\t<\/div>\n\t\t<\/div>\n\t\t\t\t\t<\/div>\n\t\t<\/section>\n\t\t\t\t<section class=\"elementor-section elementor-top-section elementor-element elementor-element-b50ac6f elementor-section-boxed elementor-section-height-default elementor-section-height-default\" data-id=\"b50ac6f\" data-element_type=\"section\" data-settings=\"{&quot;hoteller_ext_is_background_parallax&quot;:&quot;false&quot;,&quot;hoteller_ext_is_background_on_scroll&quot;:&quot;false&quot;}\">\n\t\t\t\t\t\t<div class=\"elementor-container elementor-column-gap-default\">\n\t\t\t\t\t<div class=\"elementor-column elementor-col-100 elementor-top-column elementor-element elementor-element-a6c3fad\" data-id=\"a6c3fad\" data-element_type=\"column\" data-settings=\"{&quot;hoteller_ext_link_sidemenu&quot;:&quot;false&quot;,&quot;hoteller_ext_link_fullmenu&quot;:&quot;false&quot;,&quot;hoteller_ext_link_closed_fullmenu&quot;:&quot;false&quot;,&quot;hoteller_ext_is_scrollme&quot;:&quot;false&quot;,&quot;hoteller_ext_is_smoove&quot;:&quot;false&quot;,&quot;hoteller_ext_is_parallax_mouse&quot;:&quot;false&quot;,&quot;hoteller_ext_is_infinite&quot;:&quot;false&quot;,&quot;hoteller_ext_is_fadeout_animation&quot;:&quot;false&quot;,&quot;hoteller_ext_mobile_static&quot;:&quot;false&quot;}\">\n\t\t\t<div class=\"elementor-widget-wrap elementor-element-populated\">\n\t\t\t\t\t\t<div class=\"elementor-element elementor-element-942f4b0 elementor-invisible elementor-widget elementor-widget-heading\" data-id=\"942f4b0\" data-element_type=\"widget\" data-settings=\"{&quot;_animation&quot;:&quot;fadeIn&quot;,&quot;hoteller_ext_link_sidemenu&quot;:&quot;false&quot;,&quot;hoteller_ext_link_fullmenu&quot;:&quot;false&quot;,&quot;hoteller_ext_link_closed_fullmenu&quot;:&quot;false&quot;,&quot;hoteller_ext_is_scrollme&quot;:&quot;false&quot;,&quot;hoteller_ext_is_smoove&quot;:&quot;false&quot;,&quot;hoteller_ext_is_parallax_mouse&quot;:&quot;false&quot;,&quot;hoteller_ext_is_infinite&quot;:&quot;false&quot;,&quot;hoteller_ext_is_fadeout_animation&quot;:&quot;false&quot;,&quot;hoteller_ext_mobile_static&quot;:&quot;false&quot;}\" data-widget_type=\"heading.default\">\n\t\t\t\t<div class=\"elementor-widget-container\">\n\t\t\t<h2 class=\"elementor-heading-title elementor-size-default\">Veranstaltungen<\/h2>\t\t<\/div>\n\t\t\t\t<\/div>\n\t\t\t\t<div class=\"elementor-element elementor-element-ca6907f elementor-widget elementor-widget-hoteller-animated-text\" data-id=\"ca6907f\" data-element_type=\"widget\" data-settings=\"{&quot;hoteller_ext_link_sidemenu&quot;:&quot;false&quot;,&quot;hoteller_ext_link_fullmenu&quot;:&quot;false&quot;,&quot;hoteller_ext_link_closed_fullmenu&quot;:&quot;false&quot;,&quot;hoteller_ext_is_scrollme&quot;:&quot;false&quot;,&quot;hoteller_ext_is_smoove&quot;:&quot;false&quot;,&quot;hoteller_ext_is_parallax_mouse&quot;:&quot;false&quot;,&quot;hoteller_ext_is_infinite&quot;:&quot;false&quot;,&quot;hoteller_ext_is_fadeout_animation&quot;:&quot;false&quot;,&quot;hoteller_ext_mobile_static&quot;:&quot;false&quot;}\" data-widget_type=\"hoteller-animated-text.default\">\n\t\t\t\t<div class=\"elementor-widget-container\">\n\t\t\t<div class=\"themegoods-animated-text text-alignment-center transition-left overflow-visible\" data-delimiter=\"sentence\" data-transition=\"1\" data-transition-delay=\"0\" data-transition-duration=\"1400\">\n\t\t<p>\n\t\tAls Aska Bayview Resort schaffen wir eine ideale Auswahl f\u00fcr Ihre Gesch\u00e4ftstreffen und besonderen Veranstaltungen in unserem Saal, in dem Sie insgesamt 120 Personen beherbergen k\u00f6nnen, und wir verleihen Ihren Konferenzen und Feiern mit unserem personalisierten Service eine elegante Note.\t<\/p>\n\t<\/div>\t\t<\/div>\n\t\t\t\t<\/div>\n\t\t\t\t<div class=\"elementor-element elementor-element-077b247 elementor-widget elementor-widget-image-gallery\" data-id=\"077b247\" data-element_type=\"widget\" data-settings=\"{&quot;hoteller_ext_link_sidemenu&quot;:&quot;false&quot;,&quot;hoteller_ext_link_fullmenu&quot;:&quot;false&quot;,&quot;hoteller_ext_link_closed_fullmenu&quot;:&quot;false&quot;,&quot;hoteller_ext_is_scrollme&quot;:&quot;false&quot;,&quot;hoteller_ext_is_smoove&quot;:&quot;false&quot;,&quot;hoteller_ext_is_parallax_mouse&quot;:&quot;false&quot;,&quot;hoteller_ext_is_infinite&quot;:&quot;false&quot;,&quot;hoteller_ext_is_fadeout_animation&quot;:&quot;false&quot;,&quot;hoteller_ext_mobile_static&quot;:&quot;false&quot;}\" data-widget_type=\"image-gallery.default\">\n\t\t\t\t<div class=\"elementor-widget-container\">\n\t\t\t\t\t<div class=\"elementor-image-gallery\">\n\t\t\t\n\t\t<style type=\"text\/css\">\n\t\t\t#gallery-1 {\n\t\t\t\tmargin: auto;\n\t\t\t}\n\t\t\t#gallery-1 .gallery-item {\n\t\t\t\tfloat: left;\n\t\t\t\tmargin-top: 10px;\n\t\t\t\ttext-align: center;\n\t\t\t\twidth: 50%;\n\t\t\t}\n\t\t\t#gallery-1 img {\n\t\t\t\tborder: 2px solid #cfcfcf;\n\t\t\t}\n\t\t\t#gallery-1 .gallery-caption {\n\t\t\t\tmargin-left: 0;\n\t\t\t}\n\t\t\t\/* see gallery_shortcode() in wp-includes\/media.php *\/\n\t\t<\/style>\n\t\t<div id='gallery-1' class='gallery galleryid-15213 gallery-columns-2 gallery-size-full'><dl class='gallery-item'>\n\t\t\t<dt class='gallery-icon landscape'>\n\t\t\t\t<a data-elementor-open-lightbox=\"yes\" data-elementor-lightbox-slideshow=\"077b247\" data-elementor-lightbox-title=\"otel-1\" data-e-action-hash=\"#elementor-action%3Aaction%3Dlightbox%26settings%3DeyJpZCI6MTExMDMsInVybCI6Imh0dHBzOlwvXC93d3cuYXNrYWhvdGVscy5jb21cL3dwLWNvbnRlbnRcL3VwbG9hZHNcLzIwMjJcLzExXC9vdGVsLTEuanBnIiwic2xpZGVzaG93IjoiMDc3YjI0NyJ9\" href='https:\/\/www.askahotels.com\/wp-content\/uploads\/2022\/11\/otel-1.jpg'><img fetchpriority=\"high\" decoding=\"async\" width=\"1000\" height=\"600\" src=\"https:\/\/www.askahotels.com\/wp-content\/uploads\/2022\/11\/otel-1.jpg\" class=\"attachment-full size-full\" alt=\"\" srcset=\"https:\/\/www.askahotels.com\/wp-content\/uploads\/2022\/11\/otel-1.jpg 1000w, https:\/\/www.askahotels.com\/wp-content\/uploads\/2022\/11\/otel-1-300x180.jpg 300w, https:\/\/www.askahotels.com\/wp-content\/uploads\/2022\/11\/otel-1-768x461.jpg 768w, https:\/\/www.askahotels.com\/wp-content\/uploads\/2022\/11\/otel-1-440x264.jpg 440w\" sizes=\"(max-width: 1000px) 100vw, 1000px\" \/><\/a>\n\t\t\t<\/dt><\/dl><dl class='gallery-item'>\n\t\t\t<dt class='gallery-icon landscape'>\n\t\t\t\t<a data-elementor-open-lightbox=\"yes\" data-elementor-lightbox-slideshow=\"077b247\" data-elementor-lightbox-title=\"Misafir-3\" data-e-action-hash=\"#elementor-action%3Aaction%3Dlightbox%26settings%3DeyJpZCI6MTA4MzUsInVybCI6Imh0dHBzOlwvXC93d3cuYXNrYWhvdGVscy5jb21cL3dwLWNvbnRlbnRcL3VwbG9hZHNcLzIwMjJcLzExXC9NaXNhZmlyLTMuanBnIiwic2xpZGVzaG93IjoiMDc3YjI0NyJ9\" href='https:\/\/www.askahotels.com\/wp-content\/uploads\/2022\/11\/Misafir-3.jpg'><img decoding=\"async\" width=\"1000\" height=\"600\" src=\"https:\/\/www.askahotels.com\/wp-content\/uploads\/2022\/11\/Misafir-3.jpg\" class=\"attachment-full size-full\" alt=\"\" srcset=\"https:\/\/www.askahotels.com\/wp-content\/uploads\/2022\/11\/Misafir-3.jpg 1000w, https:\/\/www.askahotels.com\/wp-content\/uploads\/2022\/11\/Misafir-3-300x180.jpg 300w, https:\/\/www.askahotels.com\/wp-content\/uploads\/2022\/11\/Misafir-3-768x461.jpg 768w, https:\/\/www.askahotels.com\/wp-content\/uploads\/2022\/11\/Misafir-3-440x264.jpg 440w\" sizes=\"(max-width: 1000px) 100vw, 1000px\" \/><\/a>\n\t\t\t<\/dt><\/dl><br style=\"clear: both\" \/>\n\t\t<\/div>\n\t\t<\/div>\n\t\t\t\t<\/div>\n\t\t\t\t<\/div>\n\t\t\t\t\t<\/div>\n\t\t<\/div>\n\t\t\t\t\t<\/div>\n\t\t<\/section>\n\t\t\t\t<\/div>\n\t\t","protected":false},"excerpt":{"rendered":"<p>VERANSTALTUNGEN &amp; SEMINAR Als Aska Bayview Resort schaffen wir mit unseren Konferenzr\u00e4umen eine ideale Auswahl f\u00fcr Ihre Gesch\u00e4ftstreffen und besonderen Veranstaltungen und verleihen all Ihren Programmen mit unserem personalisierten Service eine elegante Note. Veranstaltungen Als Aska Bayview Resort schaffen wir [&hellip;]<\/p>\n","protected":false},"author":1,"featured_media":0,"parent":12924,"menu_order":0,"comment_status":"closed","ping_status":"closed","template":"","meta":{"inline_featured_image":false,"footnotes":""},"class_list":["post-15213","page","type-page","status-publish","hentry"],"_links":{"self":[{"href":"https:\/\/www.askahotels.com\/de\/wp-json\/wp\/v2\/pages\/15213","targetHints":{"allow":["GET"]}}],"collection":[{"href":"https:\/\/www.askahotels.com\/de\/wp-json\/wp\/v2\/pages"}],"about":[{"href":"https:\/\/www.askahotels.com\/de\/wp-json\/wp\/v2\/types\/page"}],"author":[{"embeddable":true,"href":"https:\/\/www.askahotels.com\/de\/wp-json\/wp\/v2\/users\/1"}],"replies":[{"embeddable":true,"href":"https:\/\/www.askahotels.com\/de\/wp-json\/wp\/v2\/comments?post=15213"}],"version-history":[{"count":8,"href":"https:\/\/www.askahotels.com\/de\/wp-json\/wp\/v2\/pages\/15213\/revisions"}],"predecessor-version":[{"id":16612,"href":"https:\/\/www.askahotels.com\/de\/wp-json\/wp\/v2\/pages\/15213\/revisions\/16612"}],"up":[{"embeddable":true,"href":"https:\/\/www.askahotels.com\/de\/wp-json\/wp\/v2\/pages\/12924"}],"wp:attachment":[{"href":"https:\/\/www.askahotels.com\/de\/wp-json\/wp\/v2\/media?parent=15213"}],"curies":[{"name":"wp","href":"https:\/\/api.w.org\/{rel}","templated":true}]}}