{"id":15308,"date":"2022-12-07T19:29:28","date_gmt":"2022-12-07T19:29:28","guid":{"rendered":"https:\/\/www.demo.askahotels.com\/just-in-beach-aile-odasi\/"},"modified":"2025-11-04T09:57:54","modified_gmt":"2025-11-04T09:57:54","slug":"zimmer-mit-meerblick","status":"publish","type":"page","link":"https:\/\/www.askahotels.com\/de\/just-in-beach\/unterkunft\/zimmer-mit-meerblick\/","title":{"rendered":"Zimmer mit Meerblick"},"content":{"rendered":"<style>.elementor-15308 .elementor-element.elementor-element-0119f73 > .elementor-container{min-height:504px;}.elementor-15308 .elementor-element.elementor-element-0119f73:not(.elementor-motion-effects-element-type-background), .elementor-15308 .elementor-element.elementor-element-0119f73 > .elementor-motion-effects-container > .elementor-motion-effects-layer{background-image:url(\"https:\/\/www.askahotels.com\/wp-content\/uploads\/2.jpg\");background-position:center left;background-repeat:no-repeat;background-size:cover;}.elementor-15308 .elementor-element.elementor-element-0119f73 > .elementor-background-overlay{background-color:#000000;opacity:0.5;transition:background 0.3s, border-radius 0.3s, opacity 0.3s;}.elementor-15308 .elementor-element.elementor-element-0119f73{transition:background 0.3s, border 0.3s, border-radius 0.3s, box-shadow 0.3s;padding:0px 0px 0px 0px;}.elementor-15308 .elementor-element.elementor-element-dd774c8 > .elementor-widget-wrap > .elementor-widget:not(.elementor-widget__width-auto):not(.elementor-widget__width-initial):not(:last-child):not(.elementor-absolute){margin-bottom:40px;}.elementor-15308 .elementor-element.elementor-element-dd774c8 > .elementor-element-populated{padding:15px 15px 15px 15px;}.elementor-15308 .elementor-element.elementor-element-d79afa1 .elementskit-section-title-wraper .elementskit-section-title{color:#ffffff;margin:0px 0px -14px 0px;font-family:\"Marcellus\", Sans-serif;font-size:46px;font-weight:400;}.elementor-15308 .elementor-element.elementor-element-d79afa1 .elementskit-section-title-wraper .elementskit-section-title > span{color:#000000;}.elementor-15308 .elementor-element.elementor-element-d79afa1 .elementskit-section-title-wraper .elementskit-section-title:hover > span{color:#000000;}.elementor-15308 .elementor-element.elementor-element-d79afa1 .elementskit-section-title-wraper p{color:#ffffff;font-family:\"Jost\", Sans-serif;font-size:19px;font-weight:400;line-height:28px;}.elementor-15308 .elementor-element.elementor-element-d79afa1 > .elementor-widget-container{margin:0px 0px 0px 18px;}.elementor-15308 .elementor-element.elementor-element-95110ad > .elementor-background-overlay{background-color:#FFFFFF;opacity:1;}.elementor-15308 .elementor-element.elementor-element-95110ad{margin-top:-65px;margin-bottom:-65px;padding:40px 0px 0px 0px;}.elementor-15308 .elementor-element.elementor-element-665a341 .elementor-heading-title{color:var( --e-global-color-text );font-family:\"Marcellus\", Sans-serif;font-size:46px;font-weight:400;}.elementor-15308 .elementor-element.elementor-element-665a341 > .elementor-widget-container{margin:-20px 0px 0px 0px;}.elementor-15308 .elementor-element.elementor-element-dc6f8b9 .elementor-icon-list-icon i{transition:color 0.3s;}.elementor-15308 .elementor-element.elementor-element-dc6f8b9 .elementor-icon-list-icon svg{transition:fill 0.3s;}.elementor-15308 .elementor-element.elementor-element-dc6f8b9{--e-icon-list-icon-size:14px;--icon-vertical-offset:0px;}.elementor-15308 .elementor-element.elementor-element-dc6f8b9 .elementor-icon-list-item > .elementor-icon-list-text, .elementor-15308 .elementor-element.elementor-element-dc6f8b9 .elementor-icon-list-item > a{font-family:\"Jost\", Sans-serif;font-size:18px;font-weight:400;}.elementor-15308 .elementor-element.elementor-element-dc6f8b9 .elementor-icon-list-text{transition:color 0.3s;}.elementor-15308 .elementor-element.elementor-element-bd89dff .jeg-elementor-kit.jkit-button{text-align:left;}.elementor-15308 .elementor-element.elementor-element-bd89dff .jeg-elementor-kit.jkit-button .jkit-button-wrapper{width:100%;padding:18px 30px 18px 30px;color:#FFFFFF;background-color:var( --e-global-color-primary );border-radius:0px 0px 0px 0px;}.elementor-15308 .elementor-element.elementor-element-bd89dff .jeg-elementor-kit.jkit-button .jkit-button-wrapper svg{fill:#FFFFFF;width:20px;}.elementor-15308 .elementor-element.elementor-element-bd89dff .jeg-elementor-kit.jkit-button .jkit-button-wrapper:hover{color:#FFFFFF;}.elementor-15308 .elementor-element.elementor-element-bd89dff .jeg-elementor-kit.jkit-button .jkit-button-wrapper:hover svg{fill:#FFFFFF;}.elementor-15308 .elementor-element.elementor-element-bd89dff .jeg-elementor-kit.jkit-button .jkit-button-wrapper:not(.hover-gradient):hover, .elementor-15308 .elementor-element.elementor-element-bd89dff .jeg-elementor-kit.jkit-button .jkit-button-wrapper.hover-gradient:before{background-color:var( --e-global-color-secondary );}.elementor-15308 .elementor-element.elementor-element-bd89dff .jeg-elementor-kit.jkit-button .jkit-button-wrapper i{font-size:20px;}.elementor-15308 .elementor-element.elementor-element-bd89dff .jeg-elementor-kit.jkit-button.icon-position-before .jkit-button-wrapper i, .elementor-15308 .elementor-element.elementor-element-bd89dff .jeg-elementor-kit.jkit-button.icon-position-before .jkit-button-wrapper svg{margin-right:5px;}.elementor-15308 .elementor-element.elementor-element-bd89dff .jeg-elementor-kit.jkit-button.icon-position-after .jkit-button-wrapper i, .elementor-15308 .elementor-element.elementor-element-bd89dff .jeg-elementor-kit.jkit-button.icon-position-after .jkit-button-wrapper svg{margin-left:5px;}.elementor-15308 .elementor-element.elementor-element-bd89dff > .elementor-widget-container{margin:14px 0px 0px 0px;padding:0px 0px 3px 0px;border-style:solid;border-width:0px 0px 1px 0px;border-color:var( --e-global-color-primary );}.elementor-15308 .elementor-element.elementor-element-bd89dff{width:100%;max-width:100%;}.elementor-15308 .elementor-element.elementor-element-bd89dff:hover .elementor-widget-container{border-style:solid;border-width:0px 0px 1px 0px;border-color:#BD9035;}.elementor-15308 .elementor-element.elementor-element-bd09050 .elementor-icon-list-items:not(.elementor-inline-items) .elementor-icon-list-item:not(:last-child){padding-bottom:calc(9px\/2);}.elementor-15308 .elementor-element.elementor-element-bd09050 .elementor-icon-list-items:not(.elementor-inline-items) .elementor-icon-list-item:not(:first-child){margin-top:calc(9px\/2);}.elementor-15308 .elementor-element.elementor-element-bd09050 .elementor-icon-list-items.elementor-inline-items .elementor-icon-list-item{margin-right:calc(9px\/2);margin-left:calc(9px\/2);}.elementor-15308 .elementor-element.elementor-element-bd09050 .elementor-icon-list-items.elementor-inline-items{margin-right:calc(-9px\/2);margin-left:calc(-9px\/2);}body.rtl .elementor-15308 .elementor-element.elementor-element-bd09050 .elementor-icon-list-items.elementor-inline-items .elementor-icon-list-item:after{left:calc(-9px\/2);}body:not(.rtl) .elementor-15308 .elementor-element.elementor-element-bd09050 .elementor-icon-list-items.elementor-inline-items .elementor-icon-list-item:after{right:calc(-9px\/2);}.elementor-15308 .elementor-element.elementor-element-bd09050 .elementor-icon-list-icon i{color:#797979;transition:color 0.3s;}.elementor-15308 .elementor-element.elementor-element-bd09050 .elementor-icon-list-icon svg{fill:#797979;transition:fill 0.3s;}.elementor-15308 .elementor-element.elementor-element-bd09050{--e-icon-list-icon-size:31px;--icon-vertical-offset:0px;}.elementor-15308 .elementor-element.elementor-element-bd09050 .elementor-icon-list-text{transition:color 0.3s;}.elementor-15308 .elementor-element.elementor-element-68bd434{margin-top:115px;margin-bottom:115px;}.elementor-15308 .elementor-element.elementor-element-362f965 .tg_horizontal_gallery_wrapper .flickity-prev-next-button.next{background:#ffffff;}.elementor-15308 .elementor-element.elementor-element-362f965 .tg_horizontal_gallery_wrapper .flickity-prev-next-button.previous{background:#ffffff;}.elementor-15308 .elementor-element.elementor-element-362f965 .tg_horizontal_gallery_wrapper .flickity-prev-next-button .arrow{fill:#222222;}.elementor-15308 .elementor-element.elementor-element-362f965 .tg_horizontal_gallery_wrapper .flickity-page-dots .dot{background:#222222;}@media(min-width:769px){.elementor-15308 .elementor-element.elementor-element-28fffff{width:60%;}.elementor-15308 .elementor-element.elementor-element-b7ef785{width:40%;}}@media(max-width:1024px){.elementor-15308 .elementor-element.elementor-element-dd774c8 > .elementor-element-populated{padding:0px 15px 0px 15px;}.elementor-15308 .elementor-element.elementor-element-d79afa1 .elementskit-section-title-wraper .elementskit-section-title{font-size:100px;}}@media(max-width:768px){.elementor-15308 .elementor-element.elementor-element-d79afa1 .elementskit-section-title-wraper .elementskit-section-title{font-size:30px;}.elementor-15308 .elementor-element.elementor-element-d79afa1 .elementskit-section-title-wraper p{font-size:14px;}.elementor-15308 .elementor-element.elementor-element-bd89dff .jeg-elementor-kit.jkit-button{text-align:left;}}<\/style>\t\t<div data-elementor-type=\"wp-page\" data-elementor-id=\"15308\" class=\"elementor elementor-15308 elementor-7472\">\n\t\t\t\t\t\t<section class=\"elementor-section elementor-top-section elementor-element elementor-element-0119f73 elementor-section-height-min-height elementor-section-full_width elementor-section-stretched elementor-section-height-default elementor-section-items-middle\" data-id=\"0119f73\" data-element_type=\"section\" data-settings=\"{&quot;background_background&quot;:&quot;classic&quot;,&quot;stretch_section&quot;:&quot;section-stretched&quot;,&quot;hoteller_ext_is_background_parallax&quot;:&quot;false&quot;,&quot;hoteller_ext_is_background_on_scroll&quot;:&quot;false&quot;}\">\n\t\t\t\t\t\t\t<div class=\"elementor-background-overlay\"><\/div>\n\t\t\t\t\t\t\t<div class=\"elementor-container elementor-column-gap-no\">\n\t\t\t\t\t<div class=\"elementor-column elementor-col-100 elementor-top-column elementor-element elementor-element-dd774c8\" data-id=\"dd774c8\" data-element_type=\"column\" data-settings=\"{&quot;hoteller_ext_link_sidemenu&quot;:&quot;false&quot;,&quot;hoteller_ext_link_fullmenu&quot;:&quot;false&quot;,&quot;hoteller_ext_link_closed_fullmenu&quot;:&quot;false&quot;,&quot;hoteller_ext_is_scrollme&quot;:&quot;false&quot;,&quot;hoteller_ext_is_smoove&quot;:&quot;false&quot;,&quot;hoteller_ext_is_parallax_mouse&quot;:&quot;false&quot;,&quot;hoteller_ext_is_infinite&quot;:&quot;false&quot;,&quot;hoteller_ext_is_fadeout_animation&quot;:&quot;false&quot;,&quot;hoteller_ext_mobile_static&quot;:&quot;false&quot;}\">\n\t\t\t<div class=\"elementor-widget-wrap elementor-element-populated\">\n\t\t\t\t\t\t<div class=\"elementor-element elementor-element-d79afa1 elementor-widget elementor-widget-elementskit-heading\" data-id=\"d79afa1\" data-element_type=\"widget\" data-settings=\"{&quot;hoteller_ext_link_sidemenu&quot;:&quot;false&quot;,&quot;hoteller_ext_link_fullmenu&quot;:&quot;false&quot;,&quot;hoteller_ext_link_closed_fullmenu&quot;:&quot;false&quot;,&quot;hoteller_ext_is_scrollme&quot;:&quot;false&quot;,&quot;hoteller_ext_is_smoove&quot;:&quot;false&quot;,&quot;hoteller_ext_is_parallax_mouse&quot;:&quot;false&quot;,&quot;hoteller_ext_is_infinite&quot;:&quot;false&quot;,&quot;hoteller_ext_is_fadeout_animation&quot;:&quot;false&quot;,&quot;hoteller_ext_mobile_static&quot;:&quot;false&quot;}\" data-widget_type=\"elementskit-heading.default\">\n\t\t\t\t<div class=\"elementor-widget-container\">\n\t\t\t<div class=\"ekit-wid-con\" ><div class=\"ekit-heading elementskit-section-title-wraper center   ekit_heading_tablet-   ekit_heading_mobile-\"><h2 class=\"ekit-heading--title elementskit-section-title \">Zimmer mit Meerblick<\/h2>\t\t\t\t<div class='ekit-heading__description'>\n\t\t\t\t\t<p>Beim Komfort gehen wir keine Kompromisse ein. Mit unseren ger\u00e4umigen Zimmern, die speziell f\u00fcr Sie entworfen wurden, k\u00f6nnen Sie Ihr Urlaubserlebnis auf die n\u00e4chste Stufe heben.<\/p>\n\t\t\t\t<\/div>\n\t\t\t<\/div><\/div>\t\t<\/div>\n\t\t\t\t<\/div>\n\t\t\t\t\t<\/div>\n\t\t<\/div>\n\t\t\t\t\t<\/div>\n\t\t<\/section>\n\t\t\t\t<section class=\"elementor-section elementor-top-section elementor-element elementor-element-95110ad elementor-section-boxed elementor-section-height-default elementor-section-height-default\" data-id=\"95110ad\" data-element_type=\"section\" data-settings=\"{&quot;hoteller_ext_is_background_parallax&quot;:&quot;false&quot;,&quot;hoteller_ext_is_background_on_scroll&quot;:&quot;false&quot;}\">\n\t\t\t\t\t\t\t<div class=\"elementor-background-overlay\"><\/div>\n\t\t\t\t\t\t\t<div class=\"elementor-container elementor-column-gap-default\">\n\t\t\t\t\t<div class=\"elementor-column elementor-col-50 elementor-top-column elementor-element elementor-element-28fffff\" data-id=\"28fffff\" data-element_type=\"column\" data-settings=\"{&quot;hoteller_ext_link_sidemenu&quot;:&quot;false&quot;,&quot;hoteller_ext_link_fullmenu&quot;:&quot;false&quot;,&quot;hoteller_ext_link_closed_fullmenu&quot;:&quot;false&quot;,&quot;hoteller_ext_is_scrollme&quot;:&quot;false&quot;,&quot;hoteller_ext_is_smoove&quot;:&quot;false&quot;,&quot;hoteller_ext_is_parallax_mouse&quot;:&quot;false&quot;,&quot;hoteller_ext_is_infinite&quot;:&quot;false&quot;,&quot;hoteller_ext_is_fadeout_animation&quot;:&quot;false&quot;,&quot;hoteller_ext_mobile_static&quot;:&quot;false&quot;}\">\n\t\t\t<div class=\"elementor-widget-wrap elementor-element-populated\">\n\t\t\t\t\t\t<div class=\"elementor-element elementor-element-665a341 elementor-invisible elementor-widget elementor-widget-heading\" data-id=\"665a341\" data-element_type=\"widget\" data-settings=\"{&quot;_animation&quot;:&quot;fadeIn&quot;,&quot;hoteller_ext_link_sidemenu&quot;:&quot;false&quot;,&quot;hoteller_ext_link_fullmenu&quot;:&quot;false&quot;,&quot;hoteller_ext_link_closed_fullmenu&quot;:&quot;false&quot;,&quot;hoteller_ext_is_scrollme&quot;:&quot;false&quot;,&quot;hoteller_ext_is_smoove&quot;:&quot;false&quot;,&quot;hoteller_ext_is_parallax_mouse&quot;:&quot;false&quot;,&quot;hoteller_ext_is_infinite&quot;:&quot;false&quot;,&quot;hoteller_ext_is_fadeout_animation&quot;:&quot;false&quot;,&quot;hoteller_ext_mobile_static&quot;:&quot;false&quot;}\" data-widget_type=\"heading.default\">\n\t\t\t\t<div class=\"elementor-widget-container\">\n\t\t\t<h2 class=\"elementor-heading-title elementor-size-default\">Zimmerausstattung<\/h2>\t\t<\/div>\n\t\t\t\t<\/div>\n\t\t\t\t<div class=\"elementor-element elementor-element-dc6f8b9 elementor-icon-list--layout-traditional elementor-list-item-link-full_width elementor-widget elementor-widget-icon-list\" data-id=\"dc6f8b9\" data-element_type=\"widget\" data-settings=\"{&quot;hoteller_ext_link_sidemenu&quot;:&quot;false&quot;,&quot;hoteller_ext_link_fullmenu&quot;:&quot;false&quot;,&quot;hoteller_ext_link_closed_fullmenu&quot;:&quot;false&quot;,&quot;hoteller_ext_is_scrollme&quot;:&quot;false&quot;,&quot;hoteller_ext_is_smoove&quot;:&quot;false&quot;,&quot;hoteller_ext_is_parallax_mouse&quot;:&quot;false&quot;,&quot;hoteller_ext_is_infinite&quot;:&quot;false&quot;,&quot;hoteller_ext_is_fadeout_animation&quot;:&quot;false&quot;,&quot;hoteller_ext_mobile_static&quot;:&quot;false&quot;}\" data-widget_type=\"icon-list.default\">\n\t\t\t\t<div class=\"elementor-widget-container\">\n\t\t\t\t\t<ul class=\"elementor-icon-list-items\">\n\t\t\t\t\t\t\t<li class=\"elementor-icon-list-item\">\n\t\t\t\t\t\t\t\t\t\t\t<span class=\"elementor-icon-list-icon\">\n\t\t\t\t\t\t\t<i aria-hidden=\"true\" class=\"fas fa-check\"><\/i>\t\t\t\t\t\t<\/span>\n\t\t\t\t\t\t\t\t\t\t<span class=\"elementor-icon-list-text\">Fl\u00e4che: 20 - 22 m2<\/span>\n\t\t\t\t\t\t\t\t\t<\/li>\n\t\t\t\t\t\t\t\t<li class=\"elementor-icon-list-item\">\n\t\t\t\t\t\t\t\t\t\t\t<span class=\"elementor-icon-list-icon\">\n\t\t\t\t\t\t\t<i aria-hidden=\"true\" class=\"fas fa-check\"><\/i>\t\t\t\t\t\t<\/span>\n\t\t\t\t\t\t\t\t\t\t<span class=\"elementor-icon-list-text\">TV<\/span>\n\t\t\t\t\t\t\t\t\t<\/li>\n\t\t\t\t\t\t\t\t<li class=\"elementor-icon-list-item\">\n\t\t\t\t\t\t\t\t\t\t\t<span class=\"elementor-icon-list-icon\">\n\t\t\t\t\t\t\t<i aria-hidden=\"true\" class=\"fas fa-check\"><\/i>\t\t\t\t\t\t<\/span>\n\t\t\t\t\t\t\t\t\t\t<span class=\"elementor-icon-list-text\">Telephone<\/span>\n\t\t\t\t\t\t\t\t\t<\/li>\n\t\t\t\t\t\t\t\t<li class=\"elementor-icon-list-item\">\n\t\t\t\t\t\t\t\t\t\t\t<span class=\"elementor-icon-list-icon\">\n\t\t\t\t\t\t\t<i aria-hidden=\"true\" class=\"fas fa-check\"><\/i>\t\t\t\t\t\t<\/span>\n\t\t\t\t\t\t\t\t\t\t<span class=\"elementor-icon-list-text\">Klimaanlage<\/span>\n\t\t\t\t\t\t\t\t\t<\/li>\n\t\t\t\t\t\t\t\t<li class=\"elementor-icon-list-item\">\n\t\t\t\t\t\t\t\t\t\t\t<span class=\"elementor-icon-list-icon\">\n\t\t\t\t\t\t\t<i aria-hidden=\"true\" class=\"fas fa-check\"><\/i>\t\t\t\t\t\t<\/span>\n\t\t\t\t\t\t\t\t\t\t<span class=\"elementor-icon-list-text\">Haartrockner<\/span>\n\t\t\t\t\t\t\t\t\t<\/li>\n\t\t\t\t\t\t\t\t<li class=\"elementor-icon-list-item\">\n\t\t\t\t\t\t\t\t\t\t\t<span class=\"elementor-icon-list-icon\">\n\t\t\t\t\t\t\t<i aria-hidden=\"true\" class=\"fas fa-check\"><\/i>\t\t\t\t\t\t<\/span>\n\t\t\t\t\t\t\t\t\t\t<span class=\"elementor-icon-list-text\">Wi-Fi *(kostenlos in der Lobby, bezahlt in den Zimmern)<\/span>\n\t\t\t\t\t\t\t\t\t<\/li>\n\t\t\t\t\t\t\t\t<li class=\"elementor-icon-list-item\">\n\t\t\t\t\t\t\t\t\t\t\t<span class=\"elementor-icon-list-icon\">\n\t\t\t\t\t\t\t<i aria-hidden=\"true\" class=\"fas fa-check\"><\/i>\t\t\t\t\t\t<\/span>\n\t\t\t\t\t\t\t\t\t\t<span class=\"elementor-icon-list-text\">Minibar<\/span>\n\t\t\t\t\t\t\t\t\t<\/li>\n\t\t\t\t\t\t\t\t<li class=\"elementor-icon-list-item\">\n\t\t\t\t\t\t\t\t\t\t\t<span class=\"elementor-icon-list-icon\">\n\t\t\t\t\t\t\t<i aria-hidden=\"true\" class=\"fas fa-check\"><\/i>\t\t\t\t\t\t<\/span>\n\t\t\t\t\t\t\t\t\t\t<span class=\"elementor-icon-list-text\">Das Safe<\/span>\n\t\t\t\t\t\t\t\t\t<\/li>\n\t\t\t\t\t\t<\/ul>\n\t\t\t\t<\/div>\n\t\t\t\t<\/div>\n\t\t\t\t\t<\/div>\n\t\t<\/div>\n\t\t\t\t<div class=\"elementor-column elementor-col-50 elementor-top-column elementor-element elementor-element-b7ef785\" data-id=\"b7ef785\" data-element_type=\"column\" data-settings=\"{&quot;hoteller_ext_link_sidemenu&quot;:&quot;false&quot;,&quot;hoteller_ext_link_fullmenu&quot;:&quot;false&quot;,&quot;hoteller_ext_link_closed_fullmenu&quot;:&quot;false&quot;,&quot;hoteller_ext_is_scrollme&quot;:&quot;false&quot;,&quot;hoteller_ext_is_smoove&quot;:&quot;false&quot;,&quot;hoteller_ext_is_parallax_mouse&quot;:&quot;false&quot;,&quot;hoteller_ext_is_infinite&quot;:&quot;false&quot;,&quot;hoteller_ext_is_fadeout_animation&quot;:&quot;false&quot;,&quot;hoteller_ext_mobile_static&quot;:&quot;false&quot;}\">\n\t\t\t<div class=\"elementor-widget-wrap elementor-element-populated\">\n\t\t\t\t\t\t<div class=\"elementor-element elementor-element-bd89dff elementor-widget__width-inherit elementor-widget elementor-widget-jkit_button\" data-id=\"bd89dff\" data-element_type=\"widget\" data-settings=\"{&quot;hoteller_ext_link_sidemenu&quot;:&quot;false&quot;,&quot;hoteller_ext_link_fullmenu&quot;:&quot;false&quot;,&quot;hoteller_ext_link_closed_fullmenu&quot;:&quot;false&quot;,&quot;hoteller_ext_is_scrollme&quot;:&quot;false&quot;,&quot;hoteller_ext_is_smoove&quot;:&quot;false&quot;,&quot;hoteller_ext_is_parallax_mouse&quot;:&quot;false&quot;,&quot;hoteller_ext_is_infinite&quot;:&quot;false&quot;,&quot;hoteller_ext_is_fadeout_animation&quot;:&quot;false&quot;,&quot;hoteller_ext_mobile_static&quot;:&quot;false&quot;}\" data-widget_type=\"jkit_button.default\">\n\t\t\t\t<div class=\"elementor-widget-container\">\n\t\t\t<div  class=\"jeg-elementor-kit jkit-button  icon-position-after jeg_module___69efeb7092105\" ><a href=\"https:\/\/www.askahotels.com\/de\/buchung\/\" class=\"jkit-button-wrapper\">Reservierung<\/a><\/div>\t\t<\/div>\n\t\t\t\t<\/div>\n\t\t\t\t<div class=\"elementor-element elementor-element-bd09050 elementor-icon-list--layout-traditional elementor-list-item-link-full_width elementor-widget elementor-widget-icon-list\" data-id=\"bd09050\" data-element_type=\"widget\" data-settings=\"{&quot;hoteller_ext_link_sidemenu&quot;:&quot;false&quot;,&quot;hoteller_ext_link_fullmenu&quot;:&quot;false&quot;,&quot;hoteller_ext_link_closed_fullmenu&quot;:&quot;false&quot;,&quot;hoteller_ext_is_scrollme&quot;:&quot;false&quot;,&quot;hoteller_ext_is_smoove&quot;:&quot;false&quot;,&quot;hoteller_ext_is_parallax_mouse&quot;:&quot;false&quot;,&quot;hoteller_ext_is_infinite&quot;:&quot;false&quot;,&quot;hoteller_ext_is_fadeout_animation&quot;:&quot;false&quot;,&quot;hoteller_ext_mobile_static&quot;:&quot;false&quot;}\" data-widget_type=\"icon-list.default\">\n\t\t\t\t<div class=\"elementor-widget-container\">\n\t\t\t\t\t<ul class=\"elementor-icon-list-items\">\n\t\t\t\t\t\t\t<li class=\"elementor-icon-list-item\">\n\t\t\t\t\t\t\t\t\t\t\t<span class=\"elementor-icon-list-icon\">\n\t\t\t\t\t\t\t<i aria-hidden=\"true\" class=\"icon icon-car-1\"><\/i>\t\t\t\t\t\t<\/span>\n\t\t\t\t\t\t\t\t\t\t<span class=\"elementor-icon-list-text\">Gratis Parkpl\u00e4tze<\/span>\n\t\t\t\t\t\t\t\t\t<\/li>\n\t\t\t\t\t\t\t\t<li class=\"elementor-icon-list-item\">\n\t\t\t\t\t\t\t\t\t\t\t<span class=\"elementor-icon-list-icon\">\n\t\t\t\t\t\t\t<i aria-hidden=\"true\" class=\"jki jki-bus-solid\"><\/i>\t\t\t\t\t\t<\/span>\n\t\t\t\t\t\t\t\t\t\t<span class=\"elementor-icon-list-text\">Flughafentransfer<\/span>\n\t\t\t\t\t\t\t\t\t<\/li>\n\t\t\t\t\t\t\t\t<li class=\"elementor-icon-list-item\">\n\t\t\t\t\t\t\t\t\t\t\t<span class=\"elementor-icon-list-icon\">\n\t\t\t\t\t\t\t<i aria-hidden=\"true\" class=\"jki jki-swimmer-solid\"><\/i>\t\t\t\t\t\t<\/span>\n\t\t\t\t\t\t\t\t\t\t<span class=\"elementor-icon-list-text\">Schwimmbad<\/span>\n\t\t\t\t\t\t\t\t\t<\/li>\n\t\t\t\t\t\t\t\t<li class=\"elementor-icon-list-item\">\n\t\t\t\t\t\t\t\t\t\t\t<span class=\"elementor-icon-list-icon\">\n\t\t\t\t\t\t\t<i aria-hidden=\"true\" class=\"jki jki-running-solid\"><\/i>\t\t\t\t\t\t<\/span>\n\t\t\t\t\t\t\t\t\t\t<span class=\"elementor-icon-list-text\">Fitnessstudio<\/span>\n\t\t\t\t\t\t\t\t\t<\/li>\n\t\t\t\t\t\t\t\t<li class=\"elementor-icon-list-item\">\n\t\t\t\t\t\t\t\t\t\t\t<span class=\"elementor-icon-list-icon\">\n\t\t\t\t\t\t\t<i aria-hidden=\"true\" class=\"jki jki-Computer-light\"><\/i>\t\t\t\t\t\t<\/span>\n\t\t\t\t\t\t\t\t\t\t<span class=\"elementor-icon-list-text\">Internet Zugang<\/span>\n\t\t\t\t\t\t\t\t\t<\/li>\n\t\t\t\t\t\t\t\t<li class=\"elementor-icon-list-item\">\n\t\t\t\t\t\t\t\t\t\t\t<span class=\"elementor-icon-list-icon\">\n\t\t\t\t\t\t\t<i aria-hidden=\"true\" class=\"jki jki-smoking-ban-solid\"><\/i>\t\t\t\t\t\t<\/span>\n\t\t\t\t\t\t\t\t\t\t<span class=\"elementor-icon-list-text\">Rauchen Verboten<\/span>\n\t\t\t\t\t\t\t\t\t<\/li>\n\t\t\t\t\t\t<\/ul>\n\t\t\t\t<\/div>\n\t\t\t\t<\/div>\n\t\t\t\t\t<\/div>\n\t\t<\/div>\n\t\t\t\t\t<\/div>\n\t\t<\/section>\n\t\t\t\t<section class=\"elementor-section elementor-top-section elementor-element elementor-element-68bd434 elementor-section-full_width elementor-section-stretched elementor-section-height-default elementor-section-height-default\" data-id=\"68bd434\" data-element_type=\"section\" data-settings=\"{&quot;stretch_section&quot;:&quot;section-stretched&quot;,&quot;hoteller_ext_is_background_parallax&quot;:&quot;false&quot;,&quot;hoteller_ext_is_background_on_scroll&quot;:&quot;false&quot;}\">\n\t\t\t\t\t\t<div class=\"elementor-container elementor-column-gap-no\">\n\t\t\t\t\t<div class=\"elementor-column elementor-col-100 elementor-top-column elementor-element elementor-element-751a0fc\" data-id=\"751a0fc\" data-element_type=\"column\" data-settings=\"{&quot;hoteller_ext_link_sidemenu&quot;:&quot;false&quot;,&quot;hoteller_ext_link_fullmenu&quot;:&quot;false&quot;,&quot;hoteller_ext_link_closed_fullmenu&quot;:&quot;false&quot;,&quot;hoteller_ext_is_scrollme&quot;:&quot;false&quot;,&quot;hoteller_ext_is_smoove&quot;:&quot;false&quot;,&quot;hoteller_ext_is_parallax_mouse&quot;:&quot;false&quot;,&quot;hoteller_ext_is_infinite&quot;:&quot;false&quot;,&quot;hoteller_ext_is_fadeout_animation&quot;:&quot;false&quot;,&quot;hoteller_ext_mobile_static&quot;:&quot;false&quot;}\">\n\t\t\t<div class=\"elementor-widget-wrap elementor-element-populated\">\n\t\t\t\t\t\t<div class=\"elementor-element elementor-element-362f965 elementor-widget elementor-widget-hoteller-gallery-horizontal\" data-id=\"362f965\" data-element_type=\"widget\" data-settings=\"{&quot;hoteller_ext_link_sidemenu&quot;:&quot;false&quot;,&quot;hoteller_ext_link_fullmenu&quot;:&quot;false&quot;,&quot;hoteller_ext_link_closed_fullmenu&quot;:&quot;false&quot;,&quot;hoteller_ext_is_scrollme&quot;:&quot;false&quot;,&quot;hoteller_ext_is_smoove&quot;:&quot;false&quot;,&quot;hoteller_ext_is_parallax_mouse&quot;:&quot;false&quot;,&quot;hoteller_ext_is_infinite&quot;:&quot;false&quot;,&quot;hoteller_ext_is_fadeout_animation&quot;:&quot;false&quot;,&quot;hoteller_ext_mobile_static&quot;:&quot;false&quot;}\" data-widget_type=\"hoteller-gallery-horizontal.default\">\n\t\t\t\t<div class=\"elementor-widget-container\">\n\t\t\t<div class=\"tg_horizontal_gallery_wrapper\" data-autoplay=\"0\" data-loop=\"0\" data-navigation=\"1\" data-pagination=\"1\" data-parallax=\"1\" data-fullscreen=\"0\">\n\t\t<div class=\"tg_horizontal_gallery_cell\" style=\"margin-right:40px\">\n\t\t\t\t\t\t<img class=\"tg_horizontal_gallery_cell_img\" data-flickity-lazyload=\"https:\/\/www.askahotels.com\/wp-content\/uploads\/2.jpg\" alt=\"\" style=\"height:700px;\" \/>\n\t\t\t\t\t<\/div>\n\t\t<div class=\"tg_horizontal_gallery_cell\" style=\"margin-right:40px\">\n\t\t\t\t\t\t<img class=\"tg_horizontal_gallery_cell_img\" data-flickity-lazyload=\"https:\/\/www.askahotels.com\/wp-content\/uploads\/EVG07951-HDR-Enhanced-NR-1024x683.jpg\" alt=\"\" style=\"height:700px;\" \/>\n\t\t\t\t\t<\/div>\n<\/div>\n\t\t<\/div>\n\t\t\t\t<\/div>\n\t\t\t\t\t<\/div>\n\t\t<\/div>\n\t\t\t\t\t<\/div>\n\t\t<\/section>\n\t\t\t\t<\/div>\n\t\t","protected":false},"excerpt":{"rendered":"<p>Zimmer mit Meerblick Beim Komfort gehen wir keine Kompromisse ein. Mit unseren ger\u00e4umigen Zimmern, die speziell f\u00fcr Sie entworfen wurden, k\u00f6nnen Sie Ihr Urlaubserlebnis auf die n\u00e4chste Stufe heben. Zimmerausstattung Fl\u00e4che: 20 &#8211; 22 m2 TV Telephone Klimaanlage Haartrockner Wi-Fi [&hellip;]<\/p>\n","protected":false},"author":1,"featured_media":0,"parent":15330,"menu_order":0,"comment_status":"closed","ping_status":"closed","template":"","meta":{"inline_featured_image":false,"footnotes":""},"class_list":["post-15308","page","type-page","status-publish","hentry"],"_links":{"self":[{"href":"https:\/\/www.askahotels.com\/de\/wp-json\/wp\/v2\/pages\/15308","targetHints":{"allow":["GET"]}}],"collection":[{"href":"https:\/\/www.askahotels.com\/de\/wp-json\/wp\/v2\/pages"}],"about":[{"href":"https:\/\/www.askahotels.com\/de\/wp-json\/wp\/v2\/types\/page"}],"author":[{"embeddable":true,"href":"https:\/\/www.askahotels.com\/de\/wp-json\/wp\/v2\/users\/1"}],"replies":[{"embeddable":true,"href":"https:\/\/www.askahotels.com\/de\/wp-json\/wp\/v2\/comments?post=15308"}],"version-history":[{"count":29,"href":"https:\/\/www.askahotels.com\/de\/wp-json\/wp\/v2\/pages\/15308\/revisions"}],"predecessor-version":[{"id":33796,"href":"https:\/\/www.askahotels.com\/de\/wp-json\/wp\/v2\/pages\/15308\/revisions\/33796"}],"up":[{"embeddable":true,"href":"https:\/\/www.askahotels.com\/de\/wp-json\/wp\/v2\/pages\/15330"}],"wp:attachment":[{"href":"https:\/\/www.askahotels.com\/de\/wp-json\/wp\/v2\/media?parent=15308"}],"curies":[{"name":"wp","href":"https:\/\/api.w.org\/{rel}","templated":true}]}}