{"id":15552,"date":"2022-12-06T13:57:07","date_gmt":"2022-12-06T13:57:07","guid":{"rendered":"https:\/\/www.demo.askahotels.com\/grand_prestige_hotel_spa\/toplanti-seminer\/"},"modified":"2022-12-25T17:23:36","modified_gmt":"2022-12-25T17:23:36","slug":"veranstaltungen-seminar","status":"publish","type":"page","link":"https:\/\/www.askahotels.com\/de\/grand_prestige_hotel_spa\/veranstaltungen-seminar\/","title":{"rendered":"VERANSTALTUNGEN &#038; SEMINAR"},"content":{"rendered":"<style>.elementor-15552 .elementor-element.elementor-element-9f20e41 > .elementor-container{min-height:504px;}.elementor-15552 .elementor-element.elementor-element-9f20e41:not(.elementor-motion-effects-element-type-background), .elementor-15552 .elementor-element.elementor-element-9f20e41 > .elementor-motion-effects-container > .elementor-motion-effects-layer{background-image:url(\"https:\/\/www.askahotels.com\/wp-content\/uploads\/2022\/12\/ddaa11cc.webp\");background-position:center left;background-repeat:no-repeat;background-size:cover;}.elementor-15552 .elementor-element.elementor-element-9f20e41 > .elementor-background-overlay{background-color:#000000;opacity:0.5;transition:background 0.3s, border-radius 0.3s, opacity 0.3s;}.elementor-15552 .elementor-element.elementor-element-9f20e41{transition:background 0.3s, border 0.3s, border-radius 0.3s, box-shadow 0.3s;padding:0px 0px 0px 0px;}.elementor-15552 .elementor-element.elementor-element-361a883 > .elementor-widget-wrap > .elementor-widget:not(.elementor-widget__width-auto):not(.elementor-widget__width-initial):not(:last-child):not(.elementor-absolute){margin-bottom:40px;}.elementor-15552 .elementor-element.elementor-element-361a883 > .elementor-element-populated{padding:15px 15px 15px 15px;}.elementor-15552 .elementor-element.elementor-element-955f487 .elementskit-section-title-wraper .elementskit-section-title{color:#ffffff;margin:0px 0px -14px 0px;font-family:\"Marcellus\", Sans-serif;font-size:46px;font-weight:400;}.elementor-15552 .elementor-element.elementor-element-955f487 .elementskit-section-title-wraper .elementskit-section-title > span{color:#000000;}.elementor-15552 .elementor-element.elementor-element-955f487 .elementskit-section-title-wraper .elementskit-section-title:hover > span{color:#000000;}.elementor-15552 .elementor-element.elementor-element-955f487 .elementskit-section-title-wraper p{color:#ffffff;font-family:\"Jost\", Sans-serif;font-size:19px;font-weight:400;line-height:28px;}.elementor-15552 .elementor-element.elementor-element-955f487 > .elementor-widget-container{margin:0px 0px 0px 18px;}.elementor-15552 .elementor-element.elementor-element-3da3d5e{margin-top:100px;margin-bottom:100px;}.elementor-15552 .elementor-element.elementor-element-4c22aac{text-align:center;}.elementor-15552 .elementor-element.elementor-element-4c22aac .elementor-heading-title{color:var( --e-global-color-text );font-family:\"Marcellus\", Sans-serif;font-size:46px;font-weight:400;}.elementor-15552 .elementor-element.elementor-element-4c22aac > .elementor-widget-container{margin:-20px 0px 0px 0px;}.elementor-15552 .elementor-element.elementor-element-3d8b86c .themegoods-animated-text{text-align:center;}.elementor-15552 .elementor-element.elementor-element-3d8b86c .themegoods-animated-text h1{color:var( --e-global-color-text );}.elementor-15552 .elementor-element.elementor-element-3d8b86c .themegoods-animated-text h2{color:var( --e-global-color-text );}.elementor-15552 .elementor-element.elementor-element-3d8b86c .themegoods-animated-text h3{color:var( --e-global-color-text );}.elementor-15552 .elementor-element.elementor-element-3d8b86c .themegoods-animated-text h4{color:var( --e-global-color-text );}.elementor-15552 .elementor-element.elementor-element-3d8b86c .themegoods-animated-text h5{color:var( --e-global-color-text );}.elementor-15552 .elementor-element.elementor-element-3d8b86c .themegoods-animated-text h6{color:var( --e-global-color-text );}.elementor-15552 .elementor-element.elementor-element-3d8b86c .themegoods-animated-text div{color:var( --e-global-color-text );}.elementor-15552 .elementor-element.elementor-element-3d8b86c .themegoods-animated-text span{color:var( --e-global-color-text );}.elementor-15552 .elementor-element.elementor-element-3d8b86c .themegoods-animated-text p{color:var( --e-global-color-text );}.elementor-15552 .elementor-element.elementor-element-3d8b86c .themegoods-animated-text h1, .elementor-15552 .elementor-element.elementor-element-3d8b86c .themegoods-animated-text h2, .elementor-15552 .elementor-element.elementor-element-3d8b86c .themegoods-animated-text h3, .elementor-15552 .elementor-element.elementor-element-3d8b86c .themegoods-animated-text h4, .elementor-15552 .elementor-element.elementor-element-3d8b86c .themegoods-animated-text h5, .elementor-15552 .elementor-element.elementor-element-3d8b86c .themegoods-animated-text h6, .elementor-15552 .elementor-element.elementor-element-3d8b86c .themegoods-animated-text div, .elementor-15552 .elementor-element.elementor-element-3d8b86c .themegoods-animated-text span, .elementor-15552 .elementor-element.elementor-element-3d8b86c .themegoods-animated-text p{font-family:\"Jost\", Sans-serif;font-size:18px;font-weight:400;font-style:normal;line-height:1.7em;}.elementor-15552 .elementor-element.elementor-element-3d8b86c > .elementor-widget-container{margin:-21px 0px 0px 0px;}.elementor-15552 .elementor-element.elementor-element-f97b391 .gallery-item .gallery-caption{text-align:center;}.elementor-15552 .elementor-element.elementor-element-ea1bdbd{--spacer-size:150px;}@media(max-width:1024px){.elementor-15552 .elementor-element.elementor-element-361a883 > .elementor-element-populated{padding:0px 15px 0px 15px;}.elementor-15552 .elementor-element.elementor-element-955f487 .elementskit-section-title-wraper .elementskit-section-title{font-size:100px;}}@media(max-width:768px){.elementor-15552 .elementor-element.elementor-element-955f487 .elementskit-section-title-wraper .elementskit-section-title{font-size:30px;}.elementor-15552 .elementor-element.elementor-element-955f487 .elementskit-section-title-wraper p{font-size:14px;}}<\/style>\t\t<div data-elementor-type=\"wp-page\" data-elementor-id=\"15552\" class=\"elementor elementor-15552\">\n\t\t\t\t\t\t<section class=\"elementor-section elementor-top-section elementor-element elementor-element-9f20e41 elementor-section-height-min-height elementor-section-full_width elementor-section-stretched elementor-section-height-default elementor-section-items-middle\" data-id=\"9f20e41\" data-element_type=\"section\" data-settings=\"{&quot;background_background&quot;:&quot;classic&quot;,&quot;stretch_section&quot;:&quot;section-stretched&quot;,&quot;hoteller_ext_is_background_parallax&quot;:&quot;false&quot;,&quot;hoteller_ext_is_background_on_scroll&quot;:&quot;false&quot;}\">\n\t\t\t\t\t\t\t<div class=\"elementor-background-overlay\"><\/div>\n\t\t\t\t\t\t\t<div class=\"elementor-container elementor-column-gap-no\">\n\t\t\t\t\t<div class=\"elementor-column elementor-col-100 elementor-top-column elementor-element elementor-element-361a883\" data-id=\"361a883\" data-element_type=\"column\" data-settings=\"{&quot;hoteller_ext_link_sidemenu&quot;:&quot;false&quot;,&quot;hoteller_ext_link_fullmenu&quot;:&quot;false&quot;,&quot;hoteller_ext_link_closed_fullmenu&quot;:&quot;false&quot;,&quot;hoteller_ext_is_scrollme&quot;:&quot;false&quot;,&quot;hoteller_ext_is_smoove&quot;:&quot;false&quot;,&quot;hoteller_ext_is_parallax_mouse&quot;:&quot;false&quot;,&quot;hoteller_ext_is_infinite&quot;:&quot;false&quot;,&quot;hoteller_ext_is_fadeout_animation&quot;:&quot;false&quot;,&quot;hoteller_ext_mobile_static&quot;:&quot;false&quot;}\">\n\t\t\t<div class=\"elementor-widget-wrap elementor-element-populated\">\n\t\t\t\t\t\t<div class=\"elementor-element elementor-element-955f487 elementor-widget elementor-widget-elementskit-heading\" data-id=\"955f487\" data-element_type=\"widget\" data-settings=\"{&quot;hoteller_ext_link_sidemenu&quot;:&quot;false&quot;,&quot;hoteller_ext_link_fullmenu&quot;:&quot;false&quot;,&quot;hoteller_ext_link_closed_fullmenu&quot;:&quot;false&quot;,&quot;hoteller_ext_is_scrollme&quot;:&quot;false&quot;,&quot;hoteller_ext_is_smoove&quot;:&quot;false&quot;,&quot;hoteller_ext_is_parallax_mouse&quot;:&quot;false&quot;,&quot;hoteller_ext_is_infinite&quot;:&quot;false&quot;,&quot;hoteller_ext_is_fadeout_animation&quot;:&quot;false&quot;,&quot;hoteller_ext_mobile_static&quot;:&quot;false&quot;}\" data-widget_type=\"elementskit-heading.default\">\n\t\t\t\t<div class=\"elementor-widget-container\">\n\t\t\t<div class=\"ekit-wid-con\" ><div class=\"ekit-heading elementskit-section-title-wraper center   ekit_heading_tablet-   ekit_heading_mobile-\"><h2 class=\"ekit-heading--title elementskit-section-title \">VERANSTALTUNGEN &amp; SEMINAR<\/h2>\t\t\t\t<div class='ekit-heading__description'>\n\t\t\t\t\t<p>Als Aska Grand Prestige Hotel &amp; Spa schaffen unsere zwei verschiedenen Konferenzr\u00e4ume eine ideale Auswahl f\u00fcr Ihre Gesch\u00e4ftstreffen und besonderen Veranstaltungen, und wir verleihen Ihren Konferenzen und Feiern mit unseren personalisierten Dienstleistungen eine elegante Note.<\/p>\n\t\t\t\t<\/div>\n\t\t\t<\/div><\/div>\t\t<\/div>\n\t\t\t\t<\/div>\n\t\t\t\t\t<\/div>\n\t\t<\/div>\n\t\t\t\t\t<\/div>\n\t\t<\/section>\n\t\t\t\t<section class=\"elementor-section elementor-top-section elementor-element elementor-element-3da3d5e elementor-section-boxed elementor-section-height-default elementor-section-height-default\" data-id=\"3da3d5e\" data-element_type=\"section\" data-settings=\"{&quot;hoteller_ext_is_background_parallax&quot;:&quot;false&quot;,&quot;hoteller_ext_is_background_on_scroll&quot;:&quot;false&quot;}\">\n\t\t\t\t\t\t<div class=\"elementor-container elementor-column-gap-default\">\n\t\t\t\t\t<div class=\"elementor-column elementor-col-100 elementor-top-column elementor-element elementor-element-127060e\" data-id=\"127060e\" data-element_type=\"column\" data-settings=\"{&quot;hoteller_ext_link_sidemenu&quot;:&quot;false&quot;,&quot;hoteller_ext_link_fullmenu&quot;:&quot;false&quot;,&quot;hoteller_ext_link_closed_fullmenu&quot;:&quot;false&quot;,&quot;hoteller_ext_is_scrollme&quot;:&quot;false&quot;,&quot;hoteller_ext_is_smoove&quot;:&quot;false&quot;,&quot;hoteller_ext_is_parallax_mouse&quot;:&quot;false&quot;,&quot;hoteller_ext_is_infinite&quot;:&quot;false&quot;,&quot;hoteller_ext_is_fadeout_animation&quot;:&quot;false&quot;,&quot;hoteller_ext_mobile_static&quot;:&quot;false&quot;}\">\n\t\t\t<div class=\"elementor-widget-wrap elementor-element-populated\">\n\t\t\t\t\t\t<div class=\"elementor-element elementor-element-4c22aac elementor-invisible elementor-widget elementor-widget-heading\" data-id=\"4c22aac\" data-element_type=\"widget\" data-settings=\"{&quot;_animation&quot;:&quot;fadeIn&quot;,&quot;hoteller_ext_link_sidemenu&quot;:&quot;false&quot;,&quot;hoteller_ext_link_fullmenu&quot;:&quot;false&quot;,&quot;hoteller_ext_link_closed_fullmenu&quot;:&quot;false&quot;,&quot;hoteller_ext_is_scrollme&quot;:&quot;false&quot;,&quot;hoteller_ext_is_smoove&quot;:&quot;false&quot;,&quot;hoteller_ext_is_parallax_mouse&quot;:&quot;false&quot;,&quot;hoteller_ext_is_infinite&quot;:&quot;false&quot;,&quot;hoteller_ext_is_fadeout_animation&quot;:&quot;false&quot;,&quot;hoteller_ext_mobile_static&quot;:&quot;false&quot;}\" data-widget_type=\"heading.default\">\n\t\t\t\t<div class=\"elementor-widget-container\">\n\t\t\t<h2 class=\"elementor-heading-title elementor-size-default\">Veranstaltungen<\/h2>\t\t<\/div>\n\t\t\t\t<\/div>\n\t\t\t\t<div class=\"elementor-element elementor-element-3d8b86c elementor-widget elementor-widget-hoteller-animated-text\" data-id=\"3d8b86c\" data-element_type=\"widget\" data-settings=\"{&quot;hoteller_ext_link_sidemenu&quot;:&quot;false&quot;,&quot;hoteller_ext_link_fullmenu&quot;:&quot;false&quot;,&quot;hoteller_ext_link_closed_fullmenu&quot;:&quot;false&quot;,&quot;hoteller_ext_is_scrollme&quot;:&quot;false&quot;,&quot;hoteller_ext_is_smoove&quot;:&quot;false&quot;,&quot;hoteller_ext_is_parallax_mouse&quot;:&quot;false&quot;,&quot;hoteller_ext_is_infinite&quot;:&quot;false&quot;,&quot;hoteller_ext_is_fadeout_animation&quot;:&quot;false&quot;,&quot;hoteller_ext_mobile_static&quot;:&quot;false&quot;}\" data-widget_type=\"hoteller-animated-text.default\">\n\t\t\t\t<div class=\"elementor-widget-container\">\n\t\t\t<div class=\"themegoods-animated-text text-alignment-center transition-left overflow-visible\" data-delimiter=\"sentence\" data-transition=\"1\" data-transition-delay=\"0\" data-transition-duration=\"1400\">\n\t\t<p>\n\t\tAls Aska Grand Prestige Hotel & SPA Resort schaffen wir eine ideale Auswahl f\u00fcr Ihre Gesch\u00e4ftstreffen und besonderen Veranstaltungen in unserem Saal, in dem Sie insgesamt 120 Personen beherbergen k\u00f6nnen, und wir verleihen Ihren Konferenzen und Feiern mit unseren personalisierten Dienstleistungen eine elegante Note.\t<\/p>\n\t<\/div>\t\t<\/div>\n\t\t\t\t<\/div>\n\t\t\t\t<div class=\"elementor-element elementor-element-f97b391 elementor-widget elementor-widget-image-gallery\" data-id=\"f97b391\" data-element_type=\"widget\" data-settings=\"{&quot;hoteller_ext_link_sidemenu&quot;:&quot;false&quot;,&quot;hoteller_ext_link_fullmenu&quot;:&quot;false&quot;,&quot;hoteller_ext_link_closed_fullmenu&quot;:&quot;false&quot;,&quot;hoteller_ext_is_scrollme&quot;:&quot;false&quot;,&quot;hoteller_ext_is_smoove&quot;:&quot;false&quot;,&quot;hoteller_ext_is_parallax_mouse&quot;:&quot;false&quot;,&quot;hoteller_ext_is_infinite&quot;:&quot;false&quot;,&quot;hoteller_ext_is_fadeout_animation&quot;:&quot;false&quot;,&quot;hoteller_ext_mobile_static&quot;:&quot;false&quot;}\" data-widget_type=\"image-gallery.default\">\n\t\t\t\t<div class=\"elementor-widget-container\">\n\t\t\t\t\t<div class=\"elementor-image-gallery\">\n\t\t\t\n\t\t<style type=\"text\/css\">\n\t\t\t#gallery-1 {\n\t\t\t\tmargin: auto;\n\t\t\t}\n\t\t\t#gallery-1 .gallery-item {\n\t\t\t\tfloat: left;\n\t\t\t\tmargin-top: 10px;\n\t\t\t\ttext-align: center;\n\t\t\t\twidth: 50%;\n\t\t\t}\n\t\t\t#gallery-1 img {\n\t\t\t\tborder: 2px solid #cfcfcf;\n\t\t\t}\n\t\t\t#gallery-1 .gallery-caption {\n\t\t\t\tmargin-left: 0;\n\t\t\t}\n\t\t\t\/* see gallery_shortcode() in wp-includes\/media.php *\/\n\t\t<\/style>\n\t\t<div id='gallery-1' class='gallery galleryid-15552 gallery-columns-2 gallery-size-full'><dl class='gallery-item'>\n\t\t\t<dt class='gallery-icon landscape'>\n\t\t\t\t<a data-elementor-open-lightbox=\"yes\" data-elementor-lightbox-slideshow=\"f97b391\" data-elementor-lightbox-title=\"6642e5cd\" data-e-action-hash=\"#elementor-action%3Aaction%3Dlightbox%26settings%3DeyJpZCI6MTI0MDQsInVybCI6Imh0dHBzOlwvXC93d3cuYXNrYWhvdGVscy5jb21cL3dwLWNvbnRlbnRcL3VwbG9hZHNcLzIwMjJcLzEyXC82NjQyZTVjZC53ZWJwIiwic2xpZGVzaG93IjoiZjk3YjM5MSJ9\" href='https:\/\/www.askahotels.com\/wp-content\/uploads\/2022\/12\/6642e5cd.webp'><img fetchpriority=\"high\" decoding=\"async\" width=\"1200\" height=\"781\" src=\"https:\/\/www.askahotels.com\/wp-content\/uploads\/2022\/12\/6642e5cd.webp\" class=\"attachment-full size-full\" alt=\"\" srcset=\"https:\/\/www.askahotels.com\/wp-content\/uploads\/2022\/12\/6642e5cd.webp 1200w, https:\/\/www.askahotels.com\/wp-content\/uploads\/2022\/12\/6642e5cd-300x195.webp 300w, https:\/\/www.askahotels.com\/wp-content\/uploads\/2022\/12\/6642e5cd-1024x666.webp 1024w, https:\/\/www.askahotels.com\/wp-content\/uploads\/2022\/12\/6642e5cd-768x500.webp 768w, https:\/\/www.askahotels.com\/wp-content\/uploads\/2022\/12\/6642e5cd-440x286.webp 440w\" sizes=\"(max-width: 1200px) 100vw, 1200px\" \/><\/a>\n\t\t\t<\/dt><\/dl><dl class='gallery-item'>\n\t\t\t<dt class='gallery-icon landscape'>\n\t\t\t\t<a data-elementor-open-lightbox=\"yes\" data-elementor-lightbox-slideshow=\"f97b391\" data-elementor-lightbox-title=\"ddaa11cc\" data-e-action-hash=\"#elementor-action%3Aaction%3Dlightbox%26settings%3DeyJpZCI6MTI0MDksInVybCI6Imh0dHBzOlwvXC93d3cuYXNrYWhvdGVscy5jb21cL3dwLWNvbnRlbnRcL3VwbG9hZHNcLzIwMjJcLzEyXC9kZGFhMTFjYy53ZWJwIiwic2xpZGVzaG93IjoiZjk3YjM5MSJ9\" href='https:\/\/www.askahotels.com\/wp-content\/uploads\/2022\/12\/ddaa11cc.webp'><img decoding=\"async\" width=\"1200\" height=\"781\" src=\"https:\/\/www.askahotels.com\/wp-content\/uploads\/2022\/12\/ddaa11cc.webp\" class=\"attachment-full size-full\" alt=\"\" srcset=\"https:\/\/www.askahotels.com\/wp-content\/uploads\/2022\/12\/ddaa11cc.webp 1200w, https:\/\/www.askahotels.com\/wp-content\/uploads\/2022\/12\/ddaa11cc-300x195.webp 300w, https:\/\/www.askahotels.com\/wp-content\/uploads\/2022\/12\/ddaa11cc-1024x666.webp 1024w, https:\/\/www.askahotels.com\/wp-content\/uploads\/2022\/12\/ddaa11cc-768x500.webp 768w, https:\/\/www.askahotels.com\/wp-content\/uploads\/2022\/12\/ddaa11cc-440x286.webp 440w\" sizes=\"(max-width: 1200px) 100vw, 1200px\" \/><\/a>\n\t\t\t<\/dt><\/dl><br style=\"clear: both\" \/>\n\t\t<\/div>\n\t\t<\/div>\n\t\t\t\t<\/div>\n\t\t\t\t<\/div>\n\t\t\t\t<div class=\"elementor-element elementor-element-ea1bdbd elementor-widget elementor-widget-spacer\" data-id=\"ea1bdbd\" data-element_type=\"widget\" data-settings=\"{&quot;hoteller_ext_link_sidemenu&quot;:&quot;false&quot;,&quot;hoteller_ext_link_fullmenu&quot;:&quot;false&quot;,&quot;hoteller_ext_link_closed_fullmenu&quot;:&quot;false&quot;,&quot;hoteller_ext_is_scrollme&quot;:&quot;false&quot;,&quot;hoteller_ext_is_smoove&quot;:&quot;false&quot;,&quot;hoteller_ext_is_parallax_mouse&quot;:&quot;false&quot;,&quot;hoteller_ext_is_infinite&quot;:&quot;false&quot;,&quot;hoteller_ext_is_fadeout_animation&quot;:&quot;false&quot;,&quot;hoteller_ext_mobile_static&quot;:&quot;false&quot;}\" data-widget_type=\"spacer.default\">\n\t\t\t\t<div class=\"elementor-widget-container\">\n\t\t\t\t\t<div class=\"elementor-spacer\">\n\t\t\t<div class=\"elementor-spacer-inner\"><\/div>\n\t\t<\/div>\n\t\t\t\t<\/div>\n\t\t\t\t<\/div>\n\t\t\t\t\t<\/div>\n\t\t<\/div>\n\t\t\t\t\t<\/div>\n\t\t<\/section>\n\t\t\t\t<\/div>\n\t\t","protected":false},"excerpt":{"rendered":"<p>VERANSTALTUNGEN &amp; SEMINAR Als Aska Grand Prestige Hotel &amp; Spa schaffen unsere zwei verschiedenen Konferenzr\u00e4ume eine ideale Auswahl f\u00fcr Ihre Gesch\u00e4ftstreffen und besonderen Veranstaltungen, und wir verleihen Ihren Konferenzen und Feiern mit unseren personalisierten Dienstleistungen eine elegante Note. Veranstaltungen Als [&hellip;]<\/p>\n","protected":false},"author":1,"featured_media":0,"parent":12916,"menu_order":0,"comment_status":"closed","ping_status":"closed","template":"","meta":{"inline_featured_image":false,"footnotes":""},"class_list":["post-15552","page","type-page","status-publish","hentry"],"_links":{"self":[{"href":"https:\/\/www.askahotels.com\/de\/wp-json\/wp\/v2\/pages\/15552","targetHints":{"allow":["GET"]}}],"collection":[{"href":"https:\/\/www.askahotels.com\/de\/wp-json\/wp\/v2\/pages"}],"about":[{"href":"https:\/\/www.askahotels.com\/de\/wp-json\/wp\/v2\/types\/page"}],"author":[{"embeddable":true,"href":"https:\/\/www.askahotels.com\/de\/wp-json\/wp\/v2\/users\/1"}],"replies":[{"embeddable":true,"href":"https:\/\/www.askahotels.com\/de\/wp-json\/wp\/v2\/comments?post=15552"}],"version-history":[{"count":11,"href":"https:\/\/www.askahotels.com\/de\/wp-json\/wp\/v2\/pages\/15552\/revisions"}],"predecessor-version":[{"id":16701,"href":"https:\/\/www.askahotels.com\/de\/wp-json\/wp\/v2\/pages\/15552\/revisions\/16701"}],"up":[{"embeddable":true,"href":"https:\/\/www.askahotels.com\/de\/wp-json\/wp\/v2\/pages\/12916"}],"wp:attachment":[{"href":"https:\/\/www.askahotels.com\/de\/wp-json\/wp\/v2\/media?parent=15552"}],"curies":[{"name":"wp","href":"https:\/\/api.w.org\/{rel}","templated":true}]}}