{"id":12692,"date":"2022-11-23T07:50:09","date_gmt":"2022-11-23T07:50:09","guid":{"rendered":"https:\/\/www.demo.askahotels.com\/vizyon-misyon\/"},"modified":"2022-12-27T10:48:44","modified_gmt":"2022-12-27T10:48:44","slug":"vision-mission","status":"publish","type":"page","link":"https:\/\/www.askahotels.com\/en\/vision-mission\/","title":{"rendered":"Vision &amp; Mission"},"content":{"rendered":"<style>.elementor-12692 .elementor-element.elementor-element-b428c8b > .elementor-container{min-height:400px;}.elementor-12692 .elementor-element.elementor-element-b428c8b:not(.elementor-motion-effects-element-type-background), .elementor-12692 .elementor-element.elementor-element-b428c8b > .elementor-motion-effects-container > .elementor-motion-effects-layer{background-image:url(\"https:\/\/www.askahotels.com\/wp-content\/uploads\/2022\/11\/wet-2.jpg\");background-position:center left;background-repeat:no-repeat;background-size:cover;}.elementor-12692 .elementor-element.elementor-element-b428c8b > .elementor-background-overlay{background-color:#000000;opacity:0.5;transition:background 0.3s, border-radius 0.3s, opacity 0.3s;}.elementor-12692 .elementor-element.elementor-element-b428c8b{transition:background 0.3s, border 0.3s, border-radius 0.3s, box-shadow 0.3s;padding:0px 0px 0px 0px;}.elementor-12692 .elementor-element.elementor-element-8052707 > .elementor-widget-wrap > .elementor-widget:not(.elementor-widget__width-auto):not(.elementor-widget__width-initial):not(:last-child):not(.elementor-absolute){margin-bottom:40px;}.elementor-12692 .elementor-element.elementor-element-8052707 > .elementor-element-populated{padding:15px 15px 15px 15px;}.elementor-12692 .elementor-element.elementor-element-d85833d .elementskit-section-title-wraper .elementskit-section-title{color:#ffffff;margin:0px 0px -14px 0px;font-family:\"Marcellus\", Sans-serif;font-size:46px;font-weight:400;}.elementor-12692 .elementor-element.elementor-element-d85833d .elementskit-section-title-wraper .elementskit-section-title > span{color:#000000;}.elementor-12692 .elementor-element.elementor-element-d85833d .elementskit-section-title-wraper .elementskit-section-title:hover > span{color:#000000;}.elementor-12692 .elementor-element.elementor-element-d85833d > .elementor-widget-container{margin:0px 0px 0px 18px;}.elementor-12692 .elementor-element.elementor-element-fed5fa4{margin-top:100px;margin-bottom:100px;}.elementor-12692 .elementor-element.elementor-element-7273b11 > .elementor-element-populated{border-style:solid;transition:background 0.3s, border 0.3s, border-radius 0.3s, box-shadow 0.3s;padding:0px 0px 0px 0px;}.elementor-12692 .elementor-element.elementor-element-7273b11 > .elementor-element-populated > .elementor-background-overlay{transition:background 0.3s, border-radius 0.3s, opacity 0.3s;}.elementor-12692 .elementor-element.elementor-element-b36aec7 .jeg-elementor-kit.jkit-nav-menu .jkit-menu > ul, .elementor-12692 .elementor-element.elementor-element-b36aec7 .jeg-elementor-kit.jkit-nav-menu .jkit-menu-wrapper:not(.active) .jkit-menu, .elementor-12692 .elementor-element.elementor-element-b36aec7 .jeg-elementor-kit.jkit-nav-menu .jkit-menu-wrapper:not(.active) .jkit-menu > li > a{display:block;}.elementor-12692 .elementor-element.elementor-element-b36aec7 .jeg-elementor-kit.jkit-nav-menu .jkit-menu-wrapper .jkit-menu{text-align:left;}.elementor-12692 .elementor-element.elementor-element-b36aec7 .jeg-elementor-kit.jkit-nav-menu .jkit-menu-wrapper .jkit-menu .menu-item .sub-menu{left:unset;top:100%;right:unset;bottom:unset;}.elementor-12692 .elementor-element.elementor-element-b36aec7 .jeg-elementor-kit.jkit-nav-menu .jkit-menu-wrapper .jkit-menu .menu-item .sub-menu .menu-item .sub-menu{left:100%;top:unset;right:unset;bottom:unset;}.elementor-12692 .elementor-element.elementor-element-b36aec7 .jeg-elementor-kit.jkit-nav-menu .jkit-menu-wrapper:not(.active){width:188px;}.elementor-12692 .elementor-element.elementor-element-b36aec7 .jeg-elementor-kit.jkit-nav-menu .jkit-menu-wrapper{margin:0px 0px 0px 0px;}.elementor-12692 .elementor-element.elementor-element-b36aec7 .jeg-elementor-kit.jkit-nav-menu .jkit-menu-wrapper .jkit-menu > li > a{font-family:\"Jost\", Sans-serif;font-size:18px;font-weight:400;line-height:20px;}.elementor-12692 .elementor-element.elementor-element-b36aec7 .jeg-elementor-kit.jkit-nav-menu .jkit-menu-wrapper .jkit-menu > li:not(.hover-gradient, .current-menu-item):hover > a{color:var( --e-global-color-primary );border-style:solid;}.elementor-12692 .elementor-element.elementor-element-b36aec7 .jeg-elementor-kit.jkit-nav-menu .jkit-menu-wrapper .jkit-menu > li:not(.hover-gradient, .current-menu-item):hover > a svg{fill:var( --e-global-color-primary );}.elementor-12692 .elementor-element.elementor-element-b36aec7 .jeg-elementor-kit.jkit-nav-menu .jkit-menu-wrapper .jkit-menu > li.current-menu-item > a, .elementor-12692 .elementor-element.elementor-element-b36aec7 .jeg-elementor-kit.jkit-nav-menu .jkit-menu-wrapper .jkit-menu > li.current-menu-ancestor > a{color:var( --e-global-color-primary );}.elementor-12692 .elementor-element.elementor-element-b36aec7 .jeg-elementor-kit.jkit-nav-menu .jkit-menu-wrapper .jkit-menu > li.current-menu-item > a svg, .elementor-12692 .elementor-element.elementor-element-b36aec7 .jeg-elementor-kit.jkit-nav-menu .jkit-menu-wrapper .jkit-menu > li.current-menu-ancestor > a svg{fill:var( --e-global-color-primary );}.elementor-12692 .elementor-element.elementor-element-b36aec7 .jeg-elementor-kit.jkit-nav-menu .jkit-menu-wrapper .jkit-menu li.menu-item-has-children .sub-menu{min-width:220px;}.elementor-12692 .elementor-element.elementor-element-b36aec7 .jeg-elementor-kit.jkit-nav-menu .jkit-hamburger-menu{float:right;}.elementor-12692 .elementor-element.elementor-element-b36aec7 .jeg-elementor-kit.jkit-nav-menu .jkit-menu-wrapper .jkit-nav-identity-panel .jkit-nav-site-title .jkit-nav-logo img{object-fit:cover;}.elementor-12692 .elementor-element.elementor-element-dd26a83 > .elementor-element-populated{padding:0px 0px 0px 30px;}.elementor-12692 .elementor-element.elementor-element-8fad871 .elementor-heading-title{color:var( --e-global-color-text );font-family:\"Marcellus\", Sans-serif;font-size:46px;font-weight:400;}.elementor-12692 .elementor-element.elementor-element-8fad871 > .elementor-widget-container{margin:-20px 0px 0px 0px;}.elementor-12692 .elementor-element.elementor-element-f1ca014 .elementskit-section-title-wraper .elementskit-section-title{color:var( --e-global-color-text );margin:0px 0px -14px 0px;font-family:\"Marcellus\", Sans-serif;font-size:46px;font-weight:400;}.elementor-12692 .elementor-element.elementor-element-f1ca014 .elementskit-section-title-wraper .elementskit-section-title > span{color:#000000;}.elementor-12692 .elementor-element.elementor-element-f1ca014 .elementskit-section-title-wraper .elementskit-section-title:hover > span{color:#000000;}.elementor-12692 .elementor-element.elementor-element-f1ca014 .elementskit-section-title-wraper p{color:var( --e-global-color-text );font-family:\"Jost\", Sans-serif;font-size:19px;font-weight:400;line-height:28px;}.elementor-12692 .elementor-element.elementor-element-f1ca014 > .elementor-widget-container{margin:0px 0px 0px 0px;}@media(min-width:769px){.elementor-12692 .elementor-element.elementor-element-7273b11{width:19.121%;}.elementor-12692 .elementor-element.elementor-element-dd26a83{width:80.544%;}}@media(max-width:1024px){.elementor-12692 .elementor-element.elementor-element-8052707 > .elementor-element-populated{padding:0px 15px 0px 15px;}.elementor-12692 .elementor-element.elementor-element-d85833d .elementskit-section-title-wraper .elementskit-section-title{font-size:100px;}.elementor-12692 .elementor-element.elementor-element-b36aec7 .jeg-elementor-kit.jkit-nav-menu .jkit-menu-wrapper .jkit-nav-identity-panel .jkit-nav-site-title .jkit-nav-logo img{max-width:260px;}.elementor-12692 .elementor-element.elementor-element-f1ca014 .elementskit-section-title-wraper .elementskit-section-title{font-size:100px;}}@media(max-width:768px){.elementor-12692 .elementor-element.elementor-element-d85833d .elementskit-section-title-wraper .elementskit-section-title{font-size:30px;}.elementor-12692 .elementor-element.elementor-element-b36aec7 .jeg-elementor-kit.jkit-nav-menu .jkit-menu-wrapper .jkit-nav-identity-panel .jkit-nav-site-title .jkit-nav-logo img{max-width:240px;}.elementor-12692 .elementor-element.elementor-element-f1ca014 .elementskit-section-title-wraper .elementskit-section-title{font-size:80px;}}@media (max-width: 1024px) {.elementor-element.elementor-element-b36aec7 .jeg-elementor-kit.jkit-nav-menu .jkit-hamburger-menu { display: block; } }@media (max-width: 1024px) {.elementor-element.elementor-element-b36aec7 .jeg-elementor-kit.jkit-nav-menu .jkit-menu-wrapper { width: 100%; max-width: 360px; border-radius: 0; background-color: #f7f7f7; width: 100%; position: fixed; top: 0; left: -110%; height: 100%!important; box-shadow: 0 10px 30px 0 rgba(255,165,0,0); overflow-y: auto; overflow-x: hidden; padding-top: 0; padding-left: 0; padding-right: 0; display: flex; flex-direction: column-reverse; justify-content: flex-end; -moz-transition: left .6s cubic-bezier(.6,.1,.68,.53), width .6s; -webkit-transition: left .6s cubic-bezier(.6,.1,.68,.53), width .6s; -o-transition: left .6s cubic-bezier(.6,.1,.68,.53), width .6s; -ms-transition: left .6s cubic-bezier(.6,.1,.68,.53), width .6s; transition: left .6s cubic-bezier(.6,.1,.68,.53), width .6s; } }@media (max-width: 1024px) {.elementor-element.elementor-element-b36aec7 .jeg-elementor-kit.jkit-nav-menu .jkit-menu-wrapper.active { left: 0; } }@media (max-width: 1024px) {.elementor-element.elementor-element-b36aec7 .jeg-elementor-kit.jkit-nav-menu .jkit-menu-wrapper .jkit-menu-container { overflow-y: hidden; } }@media (max-width: 1024px) {.elementor-element.elementor-element-b36aec7 .jeg-elementor-kit.jkit-nav-menu .jkit-menu-wrapper .jkit-nav-identity-panel { padding: 10px 0px 10px 0px; display: block; position: relative; z-index: 5; width: 100%; } }@media (max-width: 1024px) {.elementor-element.elementor-element-b36aec7 .jeg-elementor-kit.jkit-nav-menu .jkit-menu-wrapper .jkit-nav-identity-panel .jkit-nav-site-title { display: inline-block; } }@media (max-width: 1024px) {.elementor-element.elementor-element-b36aec7 .jeg-elementor-kit.jkit-nav-menu .jkit-menu-wrapper .jkit-nav-identity-panel .jkit-close-menu { display: block; } }@media (max-width: 1024px) {.elementor-element.elementor-element-b36aec7 .jeg-elementor-kit.jkit-nav-menu .jkit-menu-wrapper .jkit-menu { display: block; height: 100%; overflow-y: auto; } }@media (max-width: 1024px) {.elementor-element.elementor-element-b36aec7 .jeg-elementor-kit.jkit-nav-menu .jkit-menu-wrapper .jkit-menu li.menu-item-has-children > a i { margin-left: auto; border: 1px solid var(--jkit-border-color); border-radius: 3px; padding: 4px 15px; } }@media (max-width: 1024px) {.elementor-element.elementor-element-b36aec7 .jeg-elementor-kit.jkit-nav-menu .jkit-menu-wrapper .jkit-menu li.menu-item-has-children > a svg { margin-left: auto; border: 1px solid var(--jkit-border-color); border-radius: 3px; } }@media (max-width: 1024px) {.elementor-element.elementor-element-b36aec7 .jeg-elementor-kit.jkit-nav-menu .jkit-menu-wrapper .jkit-menu li.menu-item-has-children .sub-menu { position: inherit; box-shadow: none; background: none; } }@media (max-width: 1024px) {.elementor-element.elementor-element-b36aec7 .jeg-elementor-kit.jkit-nav-menu .jkit-menu-wrapper .jkit-menu li { display: block; width: 100%; position: inherit; } }@media (max-width: 1024px) {.elementor-element.elementor-element-b36aec7 .jeg-elementor-kit.jkit-nav-menu .jkit-menu-wrapper .jkit-menu li .sub-menu { display: none; max-height: 2500px; opacity: 0; visibility: hidden; transition: max-height 5s ease-out; } }@media (max-width: 1024px) {.elementor-element.elementor-element-b36aec7 .jeg-elementor-kit.jkit-nav-menu .jkit-menu-wrapper .jkit-menu li .sub-menu.dropdown-open { display: block; opacity: 1; visibility: visible; } }@media (max-width: 1024px) {.elementor-element.elementor-element-b36aec7 .jeg-elementor-kit.jkit-nav-menu .jkit-menu-wrapper .jkit-menu li a { display: block; } }@media (max-width: 1024px) {.elementor-element.elementor-element-b36aec7 .jeg-elementor-kit.jkit-nav-menu .jkit-menu-wrapper .jkit-menu li a i { float: right; } }@media (max-width: 1024px) {.elementor-element.elementor-element-b36aec7 .jeg-elementor-kit.jkit-nav-menu .jkit-menu-wrapper .jkit-menu li a svg { float: right } }@media (min-width: 1025px) {.elementor-element.elementor-element-b36aec7 .jeg-elementor-kit.jkit-nav-menu .jkit-menu-wrapper .jkit-menu-container { height: 100%; } }@media (max-width: 1024px) {.admin-bar .elementor-element.elementor-element-b36aec7 .jeg-elementor-kit.jkit-nav-menu .jkit-menu-wrapper { top: 32px; } }@media (max-width: 782px) {.admin-bar .elementor-element.elementor-element-b36aec7 .jeg-elementor-kit.jkit-nav-menu .jkit-menu-wrapper { top: 46px; } }<\/style>\t\t<div data-elementor-type=\"wp-page\" data-elementor-id=\"12692\" class=\"elementor elementor-12692 elementor-6271\">\n\t\t\t\t\t\t<section class=\"elementor-section elementor-top-section elementor-element elementor-element-b428c8b elementor-section-height-min-height elementor-section-full_width elementor-section-stretched elementor-section-height-default elementor-section-items-middle\" data-id=\"b428c8b\" data-element_type=\"section\" data-settings=\"{&quot;background_background&quot;:&quot;classic&quot;,&quot;stretch_section&quot;:&quot;section-stretched&quot;,&quot;hoteller_ext_is_background_parallax&quot;:&quot;false&quot;,&quot;hoteller_ext_is_background_on_scroll&quot;:&quot;false&quot;}\">\n\t\t\t\t\t\t\t<div class=\"elementor-background-overlay\"><\/div>\n\t\t\t\t\t\t\t<div class=\"elementor-container elementor-column-gap-no\">\n\t\t\t\t\t<div class=\"elementor-column elementor-col-100 elementor-top-column elementor-element elementor-element-8052707\" data-id=\"8052707\" data-element_type=\"column\" data-settings=\"{&quot;hoteller_ext_link_sidemenu&quot;:&quot;false&quot;,&quot;hoteller_ext_link_fullmenu&quot;:&quot;false&quot;,&quot;hoteller_ext_link_closed_fullmenu&quot;:&quot;false&quot;,&quot;hoteller_ext_is_scrollme&quot;:&quot;false&quot;,&quot;hoteller_ext_is_smoove&quot;:&quot;false&quot;,&quot;hoteller_ext_is_parallax_mouse&quot;:&quot;false&quot;,&quot;hoteller_ext_is_infinite&quot;:&quot;false&quot;,&quot;hoteller_ext_is_fadeout_animation&quot;:&quot;false&quot;,&quot;hoteller_ext_mobile_static&quot;:&quot;false&quot;}\">\n\t\t\t<div class=\"elementor-widget-wrap elementor-element-populated\">\n\t\t\t\t\t\t<div class=\"elementor-element elementor-element-d85833d elementor-widget elementor-widget-elementskit-heading\" data-id=\"d85833d\" data-element_type=\"widget\" data-settings=\"{&quot;hoteller_ext_link_sidemenu&quot;:&quot;false&quot;,&quot;hoteller_ext_link_fullmenu&quot;:&quot;false&quot;,&quot;hoteller_ext_link_closed_fullmenu&quot;:&quot;false&quot;,&quot;hoteller_ext_is_scrollme&quot;:&quot;false&quot;,&quot;hoteller_ext_is_smoove&quot;:&quot;false&quot;,&quot;hoteller_ext_is_parallax_mouse&quot;:&quot;false&quot;,&quot;hoteller_ext_is_infinite&quot;:&quot;false&quot;,&quot;hoteller_ext_is_fadeout_animation&quot;:&quot;false&quot;,&quot;hoteller_ext_mobile_static&quot;:&quot;false&quot;}\" data-widget_type=\"elementskit-heading.default\">\n\t\t\t\t<div class=\"elementor-widget-container\">\n\t\t\t<div class=\"ekit-wid-con\" ><div class=\"ekit-heading elementskit-section-title-wraper center   ekit_heading_tablet-   ekit_heading_mobile-\"><h2 class=\"ekit-heading--title elementskit-section-title \">Vision &amp; Mission<\/h2><\/div><\/div>\t\t<\/div>\n\t\t\t\t<\/div>\n\t\t\t\t\t<\/div>\n\t\t<\/div>\n\t\t\t\t\t<\/div>\n\t\t<\/section>\n\t\t\t\t<section class=\"elementor-section elementor-top-section elementor-element elementor-element-fed5fa4 elementor-section-boxed elementor-section-height-default elementor-section-height-default\" data-id=\"fed5fa4\" data-element_type=\"section\" data-settings=\"{&quot;hoteller_ext_is_background_parallax&quot;:&quot;false&quot;,&quot;hoteller_ext_is_background_on_scroll&quot;:&quot;false&quot;}\">\n\t\t\t\t\t\t<div class=\"elementor-container elementor-column-gap-default\">\n\t\t\t\t\t<div class=\"elementor-column elementor-col-33 elementor-top-column elementor-element elementor-element-7273b11\" data-id=\"7273b11\" data-element_type=\"column\" data-settings=\"{&quot;hoteller_ext_link_sidemenu&quot;:&quot;false&quot;,&quot;hoteller_ext_link_fullmenu&quot;:&quot;false&quot;,&quot;hoteller_ext_link_closed_fullmenu&quot;:&quot;false&quot;,&quot;hoteller_ext_is_scrollme&quot;:&quot;false&quot;,&quot;hoteller_ext_is_smoove&quot;:&quot;false&quot;,&quot;hoteller_ext_is_parallax_mouse&quot;:&quot;false&quot;,&quot;hoteller_ext_is_infinite&quot;:&quot;false&quot;,&quot;hoteller_ext_is_fadeout_animation&quot;:&quot;false&quot;,&quot;hoteller_ext_mobile_static&quot;:&quot;false&quot;}\">\n\t\t\t<div class=\"elementor-widget-wrap elementor-element-populated\">\n\t\t\t\t\t\t<div class=\"elementor-element elementor-element-b36aec7 elementor-widget elementor-widget-jkit_nav_menu\" data-id=\"b36aec7\" data-element_type=\"widget\" data-settings=\"{&quot;hoteller_ext_link_sidemenu&quot;:&quot;false&quot;,&quot;hoteller_ext_link_fullmenu&quot;:&quot;false&quot;,&quot;hoteller_ext_link_closed_fullmenu&quot;:&quot;false&quot;,&quot;hoteller_ext_is_scrollme&quot;:&quot;false&quot;,&quot;hoteller_ext_is_smoove&quot;:&quot;false&quot;,&quot;hoteller_ext_is_parallax_mouse&quot;:&quot;false&quot;,&quot;hoteller_ext_is_infinite&quot;:&quot;false&quot;,&quot;hoteller_ext_is_fadeout_animation&quot;:&quot;false&quot;,&quot;hoteller_ext_mobile_static&quot;:&quot;false&quot;}\" data-widget_type=\"jkit_nav_menu.default\">\n\t\t\t\t<div class=\"elementor-widget-container\">\n\t\t\t<div  class=\"jeg-elementor-kit jkit-nav-menu break-point-tablet submenu-click-title jeg_module___69f373490c1aa\"  data-item-indicator=\"&lt;i aria-hidden=&quot;true&quot; class=&quot;fas fa-angle-down&quot;&gt;&lt;\/i&gt;\"><button aria-label=\"open-menu\" class=\"jkit-hamburger-menu\"><i aria-hidden=\"true\" class=\"fas fa-bars\"><\/i><\/button>\n        <div class=\"jkit-menu-wrapper\"><div class=\"jkit-menu-container\"><ul id=\"menu-kurumsal-menu-en\" class=\"jkit-menu jkit-menu-direction-block jkit-submenu-position-top\"><li id=\"menu-item-15883\" class=\"menu-item menu-item-type-post_type menu-item-object-page menu-item-15883\"><a href=\"https:\/\/www.askahotels.com\/en\/about-us\/\">About Us<\/a><\/li>\n<li id=\"menu-item-13407\" class=\"menu-item menu-item-type-post_type menu-item-object-page menu-item-13407\"><a href=\"https:\/\/www.askahotels.com\/en\/history\/\">History<\/a><\/li>\n<li id=\"menu-item-13414\" class=\"menu-item menu-item-type-post_type menu-item-object-page menu-item-13414\"><a href=\"https:\/\/www.askahotels.com\/en\/vision-mission\/\">Vision &amp; Mission<\/a><\/li>\n<li id=\"menu-item-13409\" class=\"menu-item menu-item-type-post_type menu-item-object-page menu-item-13409\"><a href=\"https:\/\/www.askahotels.com\/en\/kalite-politikasi\/\">Quality Policy<\/a><\/li>\n<li id=\"menu-item-13411\" class=\"menu-item menu-item-type-post_type menu-item-object-page menu-item-13411\"><a href=\"https:\/\/www.askahotels.com\/en\/guest-satisfaction-policy\/\">Guest Satisfaction Policy<\/a><\/li>\n<li id=\"menu-item-13410\" class=\"menu-item menu-item-type-post_type menu-item-object-page menu-item-13410\"><a href=\"https:\/\/www.askahotels.com\/en\/about-us\/\">About Us<\/a><\/li>\n<li id=\"menu-item-13412\" class=\"menu-item menu-item-type-post_type menu-item-object-page menu-item-13412\"><a href=\"https:\/\/www.askahotels.com\/en\/occupational-health-and-safety-policy\/\">Occupational Health and Safety Policy<\/a><\/li>\n<li id=\"menu-item-13406\" class=\"menu-item menu-item-type-post_type menu-item-object-page menu-item-13406\"><a href=\"https:\/\/www.askahotels.com\/en\/food-safety-policy\/\">Food Safety Policy<\/a><\/li>\n<li id=\"menu-item-13405\" class=\"menu-item menu-item-type-post_type menu-item-object-page menu-item-13405\"><a href=\"https:\/\/www.askahotels.com\/en\/environmental-policy\/\">Environmental policy<\/a><\/li>\n<li id=\"menu-item-13408\" class=\"menu-item menu-item-type-post_type menu-item-object-page menu-item-13408\"><a href=\"https:\/\/www.askahotels.com\/en\/hr\/\">Human Resources<\/a><\/li>\n<li id=\"menu-item-13404\" class=\"menu-item menu-item-type-post_type menu-item-object-page menu-item-13404\"><a href=\"https:\/\/www.askahotels.com\/en\/oduller\/\">Awards<\/a><\/li>\n<li id=\"menu-item-13413\" class=\"menu-item menu-item-type-post_type menu-item-object-page menu-item-13413\"><a href=\"https:\/\/www.askahotels.com\/en\/personal-data-protection-law\/\">Personal Data Protection Law<\/a><\/li>\n<\/ul><\/div>\n            <div class=\"jkit-nav-identity-panel\">\n                <div class=\"jkit-nav-site-title\"><a href=\"https:\/\/www.askahotels.com\/en\/\" class=\"jkit-nav-logo\" aria-label=\"Home Link\"><\/a><\/div>\n                <button aria-label=\"close-menu\" class=\"jkit-close-menu\"><i aria-hidden=\"true\" class=\"fas fa-times\"><\/i><\/button>\n            <\/div>\n        <\/div>\n        <div class=\"jkit-overlay\"><\/div><\/div>\t\t<\/div>\n\t\t\t\t<\/div>\n\t\t\t\t\t<\/div>\n\t\t<\/div>\n\t\t\t\t<div class=\"elementor-column elementor-col-66 elementor-top-column elementor-element elementor-element-dd26a83\" data-id=\"dd26a83\" data-element_type=\"column\" data-settings=\"{&quot;hoteller_ext_link_sidemenu&quot;:&quot;false&quot;,&quot;hoteller_ext_link_fullmenu&quot;:&quot;false&quot;,&quot;hoteller_ext_link_closed_fullmenu&quot;:&quot;false&quot;,&quot;hoteller_ext_is_scrollme&quot;:&quot;false&quot;,&quot;hoteller_ext_is_smoove&quot;:&quot;false&quot;,&quot;hoteller_ext_is_parallax_mouse&quot;:&quot;false&quot;,&quot;hoteller_ext_is_infinite&quot;:&quot;false&quot;,&quot;hoteller_ext_is_fadeout_animation&quot;:&quot;false&quot;,&quot;hoteller_ext_mobile_static&quot;:&quot;false&quot;}\">\n\t\t\t<div class=\"elementor-widget-wrap elementor-element-populated\">\n\t\t\t\t\t\t<div class=\"elementor-element elementor-element-8fad871 elementor-invisible elementor-widget elementor-widget-heading\" data-id=\"8fad871\" data-element_type=\"widget\" data-settings=\"{&quot;_animation&quot;:&quot;fadeIn&quot;,&quot;hoteller_ext_link_sidemenu&quot;:&quot;false&quot;,&quot;hoteller_ext_link_fullmenu&quot;:&quot;false&quot;,&quot;hoteller_ext_link_closed_fullmenu&quot;:&quot;false&quot;,&quot;hoteller_ext_is_scrollme&quot;:&quot;false&quot;,&quot;hoteller_ext_is_smoove&quot;:&quot;false&quot;,&quot;hoteller_ext_is_parallax_mouse&quot;:&quot;false&quot;,&quot;hoteller_ext_is_infinite&quot;:&quot;false&quot;,&quot;hoteller_ext_is_fadeout_animation&quot;:&quot;false&quot;,&quot;hoteller_ext_mobile_static&quot;:&quot;false&quot;}\" data-widget_type=\"heading.default\">\n\t\t\t\t<div class=\"elementor-widget-container\">\n\t\t\t<h2 class=\"elementor-heading-title elementor-size-default\">Vision & Mission<\/h2>\t\t<\/div>\n\t\t\t\t<\/div>\n\t\t\t\t<div class=\"elementor-element elementor-element-f1ca014 elementor-widget elementor-widget-elementskit-heading\" data-id=\"f1ca014\" data-element_type=\"widget\" data-settings=\"{&quot;hoteller_ext_link_sidemenu&quot;:&quot;false&quot;,&quot;hoteller_ext_link_fullmenu&quot;:&quot;false&quot;,&quot;hoteller_ext_link_closed_fullmenu&quot;:&quot;false&quot;,&quot;hoteller_ext_is_scrollme&quot;:&quot;false&quot;,&quot;hoteller_ext_is_smoove&quot;:&quot;false&quot;,&quot;hoteller_ext_is_parallax_mouse&quot;:&quot;false&quot;,&quot;hoteller_ext_is_infinite&quot;:&quot;false&quot;,&quot;hoteller_ext_is_fadeout_animation&quot;:&quot;false&quot;,&quot;hoteller_ext_mobile_static&quot;:&quot;false&quot;}\" data-widget_type=\"elementskit-heading.default\">\n\t\t\t\t<div class=\"elementor-widget-container\">\n\t\t\t<div class=\"ekit-wid-con\" ><div class=\"ekit-heading elementskit-section-title-wraper text_left   ekit_heading_tablet-   ekit_heading_mobile-\">\t\t\t\t<div class='ekit-heading__description'>\n\t\t\t\t\t<p>Our Vision<br \/>To be at the top of the sector as ASKA Hotels, and to take our place with the ASKA brand.<\/p>\n<p>Our Mission<br \/>ASKA Hotels strives to uphold the principles of professionalism and a family-friendly environment to provide a peaceful and enjoyable experience for both guests and employees with an amateur spirit and improve the tourism image of our country by contributing to the success and growth of the industry.<\/p>\n<p>Objektives<\/p>\n<ul>\n<li>To ensure continuity in quality and absolute guest &amp; employee satisfaction<\/li>\n<li>To maximize the quality of our services<\/li>\n<li>To always be the first choice of our guests<\/li>\n<li>To be able to welcome our guests and their circles back to our hotels by gaining the loyalty of our guests and staff.<\/li>\n<li>To catch the trend of the day and present it to our guests and employees within the scope of contemporary hotel management and management principles.<\/li>\n<\/ul>\n\t\t\t\t<\/div>\n\t\t\t<\/div><\/div>\t\t<\/div>\n\t\t\t\t<\/div>\n\t\t\t\t\t<\/div>\n\t\t<\/div>\n\t\t\t\t\t<\/div>\n\t\t<\/section>\n\t\t\t\t<\/div>\n\t\t","protected":false},"excerpt":{"rendered":"<p>Vision &amp; Mission About Us History Vision &amp; Mission Quality Policy Guest Satisfaction Policy About Us Occupational Health and Safety Policy G\u0131da G\u00fcvenli\u011fi Politikas\u0131 Environmental policy Human Resources Awards Personal Data Protection Law Vision &#038; Mission Our VisionTo be at [&hellip;]<\/p>\n","protected":false},"author":1,"featured_media":0,"parent":0,"menu_order":0,"comment_status":"closed","ping_status":"closed","template":"","meta":{"inline_featured_image":false,"footnotes":""},"class_list":["post-12692","page","type-page","status-publish","hentry"],"_links":{"self":[{"href":"https:\/\/www.askahotels.com\/en\/wp-json\/wp\/v2\/pages\/12692","targetHints":{"allow":["GET"]}}],"collection":[{"href":"https:\/\/www.askahotels.com\/en\/wp-json\/wp\/v2\/pages"}],"about":[{"href":"https:\/\/www.askahotels.com\/en\/wp-json\/wp\/v2\/types\/page"}],"author":[{"embeddable":true,"href":"https:\/\/www.askahotels.com\/en\/wp-json\/wp\/v2\/users\/1"}],"replies":[{"embeddable":true,"href":"https:\/\/www.askahotels.com\/en\/wp-json\/wp\/v2\/comments?post=12692"}],"version-history":[{"count":35,"href":"https:\/\/www.askahotels.com\/en\/wp-json\/wp\/v2\/pages\/12692\/revisions"}],"predecessor-version":[{"id":18434,"href":"https:\/\/www.askahotels.com\/en\/wp-json\/wp\/v2\/pages\/12692\/revisions\/18434"}],"wp:attachment":[{"href":"https:\/\/www.askahotels.com\/en\/wp-json\/wp\/v2\/media?parent=12692"}],"curies":[{"name":"wp","href":"https:\/\/api.w.org\/{rel}","templated":true}]}}