{"id":13023,"date":"2018-06-14T09:08:11","date_gmt":"2018-06-14T09:08:11","guid":{"rendered":"https:\/\/www.demo.askahotels.com\/blog\/"},"modified":"2023-02-11T15:07:26","modified_gmt":"2023-02-11T15:07:26","slug":"blog","status":"publish","type":"page","link":"https:\/\/www.askahotels.com\/nl\/blog\/","title":{"rendered":"Aska News"},"content":{"rendered":"<style>.elementor-13023 .elementor-element.elementor-element-39903ae > .elementor-container{min-height:400px;}.elementor-13023 .elementor-element.elementor-element-39903ae:not(.elementor-motion-effects-element-type-background), .elementor-13023 .elementor-element.elementor-element-39903ae > .elementor-motion-effects-container > .elementor-motion-effects-layer{background-image:url(\"https:\/\/www.askahotels.com\/wp-content\/uploads\/2023\/02\/aska_lara_homepage_27.jpg\");background-position:center center;background-repeat:no-repeat;background-size:cover;}.elementor-13023 .elementor-element.elementor-element-39903ae > .elementor-background-overlay{background-color:#000000;opacity:0.5;transition:background 0.3s, border-radius 0.3s, opacity 0.3s;}.elementor-13023 .elementor-element.elementor-element-39903ae{transition:background 0.3s, border 0.3s, border-radius 0.3s, box-shadow 0.3s;padding:0px 0px 0px 0px;}.elementor-13023 .elementor-element.elementor-element-1284925b > .elementor-widget-wrap > .elementor-widget:not(.elementor-widget__width-auto):not(.elementor-widget__width-initial):not(:last-child):not(.elementor-absolute){margin-bottom:40px;}.elementor-13023 .elementor-element.elementor-element-1284925b > .elementor-element-populated{padding:15px 15px 15px 15px;}.elementor-13023 .elementor-element.elementor-element-4acd8895 .elementskit-section-title-wraper .elementskit-section-title{color:#ffffff;margin:0px 0px -14px 0px;font-family:\"Marcellus\", Sans-serif;font-size:46px;font-weight:400;}.elementor-13023 .elementor-element.elementor-element-4acd8895 .elementskit-section-title-wraper .elementskit-section-title > span{color:#000000;}.elementor-13023 .elementor-element.elementor-element-4acd8895 .elementskit-section-title-wraper .elementskit-section-title:hover > span{color:#000000;}.elementor-13023 .elementor-element.elementor-element-4acd8895 .elementskit-section-title-wraper p{color:#ffffff;font-family:\"Jost\", Sans-serif;font-size:19px;font-weight:400;line-height:28px;}.elementor-13023 .elementor-element.elementor-element-b86fc27{margin-top:64px;margin-bottom:0px;}.elementor-13023 .elementor-element.elementor-element-08d06cf > .elementor-element-populated{padding:0px 0px 0px 0px;}@media(max-width:1024px){.elementor-13023 .elementor-element.elementor-element-1284925b > .elementor-element-populated{padding:0px 15px 0px 15px;}.elementor-13023 .elementor-element.elementor-element-4acd8895 .elementskit-section-title-wraper .elementskit-section-title{font-size:100px;}}@media(max-width:768px){.elementor-13023 .elementor-element.elementor-element-4acd8895 .elementskit-section-title-wraper .elementskit-section-title{font-size:30px;}.elementor-13023 .elementor-element.elementor-element-4acd8895 .elementskit-section-title-wraper p{font-size:14px;}}<\/style>\t\t<div data-elementor-type=\"wp-post\" data-elementor-id=\"13023\" class=\"elementor elementor-13023 elementor-210\">\n\t\t\t\t\t\t<section class=\"elementor-section elementor-top-section elementor-element elementor-element-39903ae elementor-section-height-min-height elementor-section-full_width elementor-section-stretched elementor-section-height-default elementor-section-items-middle\" data-id=\"39903ae\" data-element_type=\"section\" data-settings=\"{&quot;background_background&quot;:&quot;classic&quot;,&quot;stretch_section&quot;:&quot;section-stretched&quot;,&quot;hoteller_ext_is_background_parallax&quot;:&quot;false&quot;,&quot;hoteller_ext_is_background_on_scroll&quot;:&quot;false&quot;}\">\n\t\t\t\t\t\t\t<div class=\"elementor-background-overlay\"><\/div>\n\t\t\t\t\t\t\t<div class=\"elementor-container elementor-column-gap-no\">\n\t\t\t\t\t<div class=\"elementor-column elementor-col-100 elementor-top-column elementor-element elementor-element-1284925b\" data-id=\"1284925b\" data-element_type=\"column\" data-settings=\"{&quot;hoteller_ext_link_sidemenu&quot;:&quot;false&quot;,&quot;hoteller_ext_link_fullmenu&quot;:&quot;false&quot;,&quot;hoteller_ext_link_closed_fullmenu&quot;:&quot;false&quot;,&quot;hoteller_ext_is_scrollme&quot;:&quot;false&quot;,&quot;hoteller_ext_is_smoove&quot;:&quot;false&quot;,&quot;hoteller_ext_is_parallax_mouse&quot;:&quot;false&quot;,&quot;hoteller_ext_is_infinite&quot;:&quot;false&quot;,&quot;hoteller_ext_is_fadeout_animation&quot;:&quot;false&quot;,&quot;hoteller_ext_mobile_static&quot;:&quot;false&quot;}\">\n\t\t\t<div class=\"elementor-widget-wrap elementor-element-populated\">\n\t\t\t\t\t\t<div class=\"elementor-element elementor-element-4acd8895 elementor-widget elementor-widget-elementskit-heading\" data-id=\"4acd8895\" data-element_type=\"widget\" data-settings=\"{&quot;hoteller_ext_link_sidemenu&quot;:&quot;false&quot;,&quot;hoteller_ext_link_fullmenu&quot;:&quot;false&quot;,&quot;hoteller_ext_link_closed_fullmenu&quot;:&quot;false&quot;,&quot;hoteller_ext_is_scrollme&quot;:&quot;false&quot;,&quot;hoteller_ext_is_smoove&quot;:&quot;false&quot;,&quot;hoteller_ext_is_parallax_mouse&quot;:&quot;false&quot;,&quot;hoteller_ext_is_infinite&quot;:&quot;false&quot;,&quot;hoteller_ext_is_fadeout_animation&quot;:&quot;false&quot;,&quot;hoteller_ext_mobile_static&quot;:&quot;false&quot;}\" data-widget_type=\"elementskit-heading.default\">\n\t\t\t\t<div class=\"elementor-widget-container\">\n\t\t\t<div class=\"ekit-wid-con\" ><div class=\"ekit-heading elementskit-section-title-wraper center   ekit_heading_tablet-   ekit_heading_mobile-\"><h2 class=\"ekit-heading--title elementskit-section-title \">Aska News<\/h2>\t\t\t\t<div class='ekit-heading__description'>\n\t\t\t\t\t<p>Haberler, etkinlikler ve duyurular ile Aska Hotels d\u00fcnyas\u0131ndaki yeniliklerden haberdar olun.<\/p>\n\t\t\t\t<\/div>\n\t\t\t<\/div><\/div>\t\t<\/div>\n\t\t\t\t<\/div>\n\t\t\t\t\t<\/div>\n\t\t<\/div>\n\t\t\t\t\t<\/div>\n\t\t<\/section>\n\t\t\t\t<section class=\"elementor-section elementor-top-section elementor-element elementor-element-b86fc27 elementor-section-full_width elementor-section-height-default elementor-section-height-default\" data-id=\"b86fc27\" data-element_type=\"section\" data-settings=\"{&quot;hoteller_ext_is_background_parallax&quot;:&quot;false&quot;,&quot;hoteller_ext_is_background_on_scroll&quot;:&quot;false&quot;}\">\n\t\t\t\t\t\t<div class=\"elementor-container elementor-column-gap-default\">\n\t\t\t\t\t<div class=\"elementor-column elementor-col-100 elementor-top-column elementor-element elementor-element-08d06cf\" data-id=\"08d06cf\" data-element_type=\"column\" data-settings=\"{&quot;hoteller_ext_link_sidemenu&quot;:&quot;false&quot;,&quot;hoteller_ext_link_fullmenu&quot;:&quot;false&quot;,&quot;hoteller_ext_link_closed_fullmenu&quot;:&quot;false&quot;,&quot;hoteller_ext_is_scrollme&quot;:&quot;false&quot;,&quot;hoteller_ext_is_smoove&quot;:&quot;false&quot;,&quot;hoteller_ext_is_parallax_mouse&quot;:&quot;false&quot;,&quot;hoteller_ext_is_infinite&quot;:&quot;false&quot;,&quot;hoteller_ext_is_fadeout_animation&quot;:&quot;false&quot;,&quot;hoteller_ext_mobile_static&quot;:&quot;false&quot;}\">\n\t\t\t<div class=\"elementor-widget-wrap elementor-element-populated\">\n\t\t\t\t\t\t<div class=\"elementor-element elementor-element-93cba18 elementor-widget elementor-widget-hoteller-blog-posts\" data-id=\"93cba18\" data-element_type=\"widget\" data-settings=\"{&quot;hoteller_ext_link_sidemenu&quot;:&quot;false&quot;,&quot;hoteller_ext_link_fullmenu&quot;:&quot;false&quot;,&quot;hoteller_ext_link_closed_fullmenu&quot;:&quot;false&quot;,&quot;hoteller_ext_is_scrollme&quot;:&quot;false&quot;,&quot;hoteller_ext_is_smoove&quot;:&quot;false&quot;,&quot;hoteller_ext_is_parallax_mouse&quot;:&quot;false&quot;,&quot;hoteller_ext_is_infinite&quot;:&quot;false&quot;,&quot;hoteller_ext_is_fadeout_animation&quot;:&quot;false&quot;,&quot;hoteller_ext_mobile_static&quot;:&quot;false&quot;}\" data-widget_type=\"hoteller-blog-posts.default\">\n\t\t\t\t<div class=\"elementor-widget-container\">\n\t\t\t<div class=\"blog_post_content_wrapper layout_grid\">\n<!-- Begin each blog post -->\n<div class=\"blog-posts-grid post-18155 post type-post status-publish format-standard has-post-thumbnail hentry category-nieuws\">\n\n\t<div class=\"post_wrapper\">\n\t\t\n\t\t\t\t    <div class=\"post_img static\">\n\t\t\t    \t\t\t    <div class=\"post_img_hover \">\n\t\t\t     \t\t\t\t\t     <img decoding=\"async\"  src=\"https:\/\/www.askahotels.com\/wp-content\/uploads\/2018\/06\/kongre-hizmetleri-sayfa3-zirvemice-1024x683-1-960x604.jpg\" class=\"\" alt=\"\"\/>\n\t\t\t\t     \t\t\t     \t\t\t\t     \t<a href=\"https:\/\/www.askahotels.com\/nl\/2018\/06\/zirvedekiler-antalyada\/\"><\/a>\n\t\t\t    <\/div>\n\t\t    <\/div>\n\t\t\t    \n\t    <div class=\"post_content_wrapper text_center\">\n\t\t    \n\t\t    <div class=\"post_header\">\n\t\t\t    \t\t\t    <div class=\"post_detail single_post\">\n\t\t\t    \t<span class=\"post_info_cat\">\n\t\t\t\t\t\t\t\t\t\t\t\t      \t<a href=\"https:\/\/www.askahotels.com\/nl\/category\/nieuws\/\">nieuws<\/a>\n\t\t\t\t\t\t\t\t\t    \t<\/span>\n\t\t\t \t<\/div>\n\t\t\t \t\t\t\t\t<div class=\"post_header_title\">\n\t\t\t\t    <h5><a href=\"https:\/\/www.askahotels.com\/nl\/2018\/06\/zirvedekiler-antalyada\/\" title=\"Tops zijn in Antalya\">Tops zijn in Antalya<\/a><\/h5>\n\t\t\t\t<\/div>\n\t\t\t<\/div>\n\t    \n\t\t\t<div class=\"post_header_wrapper\">\n\t\t\t\t\t\t\t    \t\t\t    <div class=\"post_button_wrapper\">\n\t\t\t    \t<div class=\"post_attribute\">\n\t\t\t\t\t    <a href=\"https:\/\/www.askahotels.com\/nl\/2018\/06\/zirvedekiler-antalyada\/\" title=\"Tops zijn in Antalya\">juni 14, 2018<\/a>\n\t\t\t\t\t<\/div>\n\t\t\t    <\/div>\n\t\t\t    \t\t\t<\/div>\n\t    <\/div>\n\t    \n\t<\/div>\n\n<\/div>\n\n<!-- End each blog post --><!-- Begin each blog post -->\n<div class=\"blog-posts-grid post-18172 post type-post status-publish format-standard has-post-thumbnail hentry category-nieuws\">\n\n\t<div class=\"post_wrapper\">\n\t\t\n\t\t\t\t    <div class=\"post_img static\">\n\t\t\t    \t\t\t    <div class=\"post_img_hover \">\n\t\t\t     \t\t\t\t\t     <img decoding=\"async\"  src=\"https:\/\/www.askahotels.com\/wp-content\/uploads\/2018\/06\/ramazan-aslan-960x604.jpg\" class=\"\" alt=\"\"\/>\n\t\t\t\t     \t\t\t     \t\t\t\t     \t<a href=\"https:\/\/www.askahotels.com\/nl\/2018\/06\/ramazan-aslan-turizme-sahip-cikip-korumaliyiz\/\"><\/a>\n\t\t\t    <\/div>\n\t\t    <\/div>\n\t\t\t    \n\t    <div class=\"post_content_wrapper text_center\">\n\t\t    \n\t\t    <div class=\"post_header\">\n\t\t\t    \t\t\t    <div class=\"post_detail single_post\">\n\t\t\t    \t<span class=\"post_info_cat\">\n\t\t\t\t\t\t\t\t\t\t\t\t      \t<a href=\"https:\/\/www.askahotels.com\/nl\/category\/nieuws\/\">nieuws<\/a>\n\t\t\t\t\t\t\t\t\t    \t<\/span>\n\t\t\t \t<\/div>\n\t\t\t \t\t\t\t\t<div class=\"post_header_title\">\n\t\t\t\t    <h5><a href=\"https:\/\/www.askahotels.com\/nl\/2018\/06\/ramazan-aslan-turizme-sahip-cikip-korumaliyiz\/\" title=\"Ramazan ASLAN \u201cWe moeten het toerisme beschermen en beschermen\">Ramazan ASLAN \u201cWe moeten het toerisme beschermen en beschermen<\/a><\/h5>\n\t\t\t\t<\/div>\n\t\t\t<\/div>\n\t    \n\t\t\t<div class=\"post_header_wrapper\">\n\t\t\t\t\t\t\t    \t\t\t    <div class=\"post_button_wrapper\">\n\t\t\t    \t<div class=\"post_attribute\">\n\t\t\t\t\t    <a href=\"https:\/\/www.askahotels.com\/nl\/2018\/06\/ramazan-aslan-turizme-sahip-cikip-korumaliyiz\/\" title=\"Ramazan ASLAN \u201cWe moeten het toerisme beschermen en beschermen\">juni 7, 2018<\/a>\n\t\t\t\t\t<\/div>\n\t\t\t    <\/div>\n\t\t\t    \t\t\t<\/div>\n\t    <\/div>\n\t    \n\t<\/div>\n\n<\/div>\n\n<!-- End each blog post --><!-- Begin each blog post -->\n<div class=\"blog-posts-grid post-18191 post type-post status-publish format-standard has-post-thumbnail hentry category-nieuws tag-hotel-nl tag-interior-nl tag-vacation-nl\">\n\n\t<div class=\"post_wrapper\">\n\t\t\n\t\t\t\t    <div class=\"post_img static\">\n\t\t\t    \t\t\t    <div class=\"post_img_hover \">\n\t\t\t     \t\t\t\t\t     <img decoding=\"async\"  src=\"https:\/\/www.askahotels.com\/wp-content\/uploads\/2018\/06\/trust-you-960x604.jpg\" class=\"\" alt=\"\"\/>\n\t\t\t\t     \t\t\t     \t\t\t\t     \t<a href=\"https:\/\/www.askahotels.com\/nl\/2018\/06\/disclosing-the-secrets-of-success-in-luxury-hospitality\/\"><\/a>\n\t\t\t    <\/div>\n\t\t    <\/div>\n\t\t\t    \n\t    <div class=\"post_content_wrapper text_center\">\n\t\t    \n\t\t    <div class=\"post_header\">\n\t\t\t    \t\t\t    <div class=\"post_detail single_post\">\n\t\t\t    \t<span class=\"post_info_cat\">\n\t\t\t\t\t\t\t\t\t\t\t\t      \t<a href=\"https:\/\/www.askahotels.com\/nl\/category\/nieuws\/\">nieuws<\/a>\n\t\t\t\t\t\t\t\t\t    \t<\/span>\n\t\t\t \t<\/div>\n\t\t\t \t\t\t\t\t<div class=\"post_header_title\">\n\t\t\t\t    <h5><a href=\"https:\/\/www.askahotels.com\/nl\/2018\/06\/disclosing-the-secrets-of-success-in-luxury-hospitality\/\" title=\"Aska Hotels werd het promotionele gezicht van het platform met 20 duizend hotels\">Aska Hotels werd het promotionele gezicht van het platform met 20 duizend hotels<\/a><\/h5>\n\t\t\t\t<\/div>\n\t\t\t<\/div>\n\t    \n\t\t\t<div class=\"post_header_wrapper\">\n\t\t\t\t\t\t\t    \t\t\t    <div class=\"post_button_wrapper\">\n\t\t\t    \t<div class=\"post_attribute\">\n\t\t\t\t\t    <a href=\"https:\/\/www.askahotels.com\/nl\/2018\/06\/disclosing-the-secrets-of-success-in-luxury-hospitality\/\" title=\"Aska Hotels werd het promotionele gezicht van het platform met 20 duizend hotels\">juni 7, 2018<\/a>\n\t\t\t\t\t<\/div>\n\t\t\t    <\/div>\n\t\t\t    \t\t\t<\/div>\n\t    <\/div>\n\t    \n\t<\/div>\n\n<\/div>\n\n<!-- End each blog post --><\/div>\n<br class=\"clear\"\/>\t\t<\/div>\n\t\t\t\t<\/div>\n\t\t\t\t\t<\/div>\n\t\t<\/div>\n\t\t\t\t\t<\/div>\n\t\t<\/section>\n\t\t\t\t<\/div>\n\t\t","protected":false},"excerpt":{"rendered":"<p>Aska News Haberler, etkinlikler ve duyurular ile Aska Hotels d\u00fcnyas\u0131ndaki yeniliklerden haberdar olun. Haberler Zirvedekiler Antalya\u2019da Haziran 14, 2018 Haberler Ramazan ASLAN \u201cTurizme sahip \u00e7\u0131k\u0131p korumal\u0131y\u0131z&#8221; Haziran 7, 2018 Haberler Aska Hotels 20 bin otelin bulundu\u011fu platforma tan\u0131t\u0131m y\u00fcz\u00fc oldu [&hellip;]<\/p>\n","protected":false},"author":1,"featured_media":0,"parent":0,"menu_order":0,"comment_status":"closed","ping_status":"closed","template":"","meta":{"inline_featured_image":false,"footnotes":""},"class_list":["post-13023","page","type-page","status-publish","hentry"],"_links":{"self":[{"href":"https:\/\/www.askahotels.com\/nl\/wp-json\/wp\/v2\/pages\/13023","targetHints":{"allow":["GET"]}}],"collection":[{"href":"https:\/\/www.askahotels.com\/nl\/wp-json\/wp\/v2\/pages"}],"about":[{"href":"https:\/\/www.askahotels.com\/nl\/wp-json\/wp\/v2\/types\/page"}],"author":[{"embeddable":true,"href":"https:\/\/www.askahotels.com\/nl\/wp-json\/wp\/v2\/users\/1"}],"replies":[{"embeddable":true,"href":"https:\/\/www.askahotels.com\/nl\/wp-json\/wp\/v2\/comments?post=13023"}],"version-history":[{"count":16,"href":"https:\/\/www.askahotels.com\/nl\/wp-json\/wp\/v2\/pages\/13023\/revisions"}],"predecessor-version":[{"id":25986,"href":"https:\/\/www.askahotels.com\/nl\/wp-json\/wp\/v2\/pages\/13023\/revisions\/25986"}],"wp:attachment":[{"href":"https:\/\/www.askahotels.com\/nl\/wp-json\/wp\/v2\/media?parent=13023"}],"curies":[{"name":"wp","href":"https:\/\/api.w.org\/{rel}","templated":true}]}}